{"id":750,"date":"2022-09-04T14:51:12","date_gmt":"2022-09-04T14:51:12","guid":{"rendered":"https:\/\/ozlumuhendislik.com\/flas-buhar-uygulamalari\/"},"modified":"2023-11-06T14:20:21","modified_gmt":"2023-11-06T14:20:21","slug":"flash-steam-application","status":"publish","type":"page","link":"https:\/\/ozlumuhendislik.com\/en\/flash-steam-application\/","title":{"rendered":"Flash Steam Application"},"content":{"rendered":"<p>[vc_row][vc_column]<div id=\"ultv-8300\" class=\"ult-dual-color ult-adjust-bottom-margin ult-dual-color-responsive-none ultv-8300  \"><div class=\"ult-module-content ult-dual-color-heading\" style=\"text-align:left;\">\n\t\t\t\t\t\t<h3><span class=\"ult-before-heading\">\n\t\t\t\t\t\t\t\t\t<span class=\"ult-dual-heading-text ult-first-text ult-responsive\"  data-ultimate-target='.ult-dual-color.ultv-8300 .ult-dual-heading-text'  data-responsive-json-new='{\"font-size\":\"desktop:30px;\",\"line-height\":\"\"}'  style=\"color:#666666;  text-transform: uppercase;   border:none; font-family:&#039;Montserrat&#039;;font-weight:700;\">Flash Steam<\/span>\n\t\t\t\t\t\t\t\t<\/span><span class=\"ult-adv-heading\" style=\"\">\n\t\t\t\t\t\t\t\t\t<span class=\"ult-dual-adv-heading-text ult-highlight-text ult-responsive\"  data-ultimate-target='.ult-dual-color.ultv-8300 .ult-highlight-text'  data-responsive-json-new='{\"font-size\":\"desktop:30px;\",\"line-height\":\"\"}'  style=\"color:#666666;  text-transform: uppercase;   border:none; font-family:&#039;Montserrat&#039;;font-weight:300;\">Applications<\/span>\n\t\t\t\t\t\t\t\t<\/span><\/h3> <\/div><\/div>[vc_separator color=&#8221;custom&#8221; align=&#8221;align_left&#8221; border_width=&#8221;7&#8243; el_width=&#8221;10&#8243; accent_color=&#8221;#c8d400&#8243;][vc_empty_space][\/vc_column][\/vc_row][vc_row][vc_column][vc_column_text]In the steam system, the condensate water collected at high pressure by the condensate system turns into steam when it is opened to atmospheric pressure in the condensate tank. This is called flash steam.<\/p>\n<p>Normally, the flash steam is discharged into the atmosphere from the condensate tank with a line called a vent. With the flash steam heat recovery system, the flash steam in the condensate tank is collected and its heat is recovered.<\/p>\n<p>The use of flash steam by separating it from the condensate means that the same amount of steam is produced incompletely in the boiler. In other words, one of the methods of increasing energy efficiency in company where steam is used is the use of a flash steam heat recovery system. It is possible to save between 4% and 6% with flash steam heat recovery systems.<\/p>\n<p>As \u00d6zl\u00fc M\u00fchendislik, we perform Flash steam heat recovery engineering calculations, product selection, supply and installation processes. We have installed and working systems.[\/vc_column_text][vc_column_text]<\/p>\n<table style=\"width: 100%; height: 335px;\" width=\"100%\">\n<tbody>\n<tr style=\"height: 22px;\">\n<th style=\"height: 45px; width: 94.9173%; background-color: #1fadff; text-align: center;\" colspan=\"2\" width=\"100%\"><span style=\"color: #ffffff;\"><strong>ENERGY CALCULATION OF ECONOMIZER HEAT RECOVERY SYSTEM<\/strong> <\/span><\/th>\n<\/tr>\n<tr>\n<td style=\"width: 70%;\" width=\"70%\">OPERATING PRESSURE<\/td>\n<td style=\"text-align: right; width: 24.9173%; height: 22px;\" width=\"82\">6 BAR<\/td>\n<\/tr>\n<tr>\n<td style=\"width: 70%;\" width=\"70%\">STEAM GENERATION CAPACITY PER HOUR<\/td>\n<td style=\"text-align: right; width: 24.9173%; height: 22px;\" width=\"82\">4000 kg\/h<\/td>\n<\/tr>\n<tr>\n<td style=\"width: 70%;\" width=\"70%\">CONDENS RETURN RATIO<\/td>\n<td style=\"text-align: right; width: 24.9173%; height: 22px;\" width=\"82\">%50<\/td>\n<\/tr>\n<tr>\n<td style=\"width: 70%;\" width=\"70%\">CONDENS RETURN AMOUNT<\/td>\n<td style=\"text-align: right; width: 24.9173%; height: 22px;\" width=\"82\">2000 kg\/h<\/td>\n<\/tr>\n<tr>\n<td style=\"width: 70%;\" width=\"70%\">FLASH STEAM RATIO<\/td>\n<td style=\"text-align: right; width: 24.9173%; height: 22px;\" width=\"82\">%10<\/td>\n<\/tr>\n<tr>\n<td style=\"width: 70%;\" width=\"70%\">TOTAL FLASH STEAM AMOUNT<\/td>\n<td style=\"text-align: right; width: 24.9173%; height: 22px;\" width=\"82\">200 kg\/h<\/td>\n<\/tr>\n<tr>\n<td style=\"width: 70%;\" width=\"70%\">FLASH STEAM ENERGY<\/td>\n<td style=\"text-align: right; width: 24.9173%; height: 22px;\" width=\"82\">108339 kcal\/h<\/td>\n<\/tr>\n<tr>\n<td style=\"width: 70%;\" width=\"70%\">VSR ENERGY EFFICIENCY<\/td>\n<td style=\"text-align: right; width: 24.9173%; height: 22px;\" width=\"82\">%80<\/td>\n<\/tr>\n<tr>\n<td style=\"width: 70%;\" width=\"70%\">THEORETICAL ENERGY AMOUNT OF VSR HEAT EXCHANGER<\/td>\n<td style=\"text-align: right; width: 24.9173%; height: 22px;\" width=\"82\">86240 kcal\/h<\/td>\n<\/tr>\n<tr>\n<td style=\"width: 70%;\" width=\"70%\">AMOUNT OF HEAT GAINED<\/td>\n<td style=\"text-align: right; width: 24.9173%; height: 22px;\" width=\"82\">108396 kcal\/h<\/td>\n<\/tr>\n<tr>\n<td style=\"width: 70%;\" width=\"70%\">NATURAL GAS SAVE PER HOUR<\/td>\n<td style=\"text-align: right; width: 24.9173%; height: 26px;\" width=\"82\">13,13891 m<sup>3<\/sup>\/h<\/td>\n<\/tr>\n<tr style=\"height: 44px;\">\n<td style=\"width: 94.9173%; height: 44px;\" colspan=\"2\">INITIAL INVESTMENT COST AND NATURAL GAS UNIT PRICES SHOULD BE TAKEN INTO ACCOUNT FOR DEPRECIATION CALCULATION.<\/td>\n<\/tr>\n<\/tbody>\n<\/table>\n<p>[\/vc_column_text][\/vc_column][\/vc_row]<\/p>\n","protected":false},"excerpt":{"rendered":"<p>[vc_row][vc_column][vc_separator color=&#8221;custom&#8221; align=&#8221;align_left&#8221; border_width=&#8221;7&#8243; el_width=&#8221;10&#8243; accent_color=&#8221;#c8d400&#8243;][vc_empty_space][\/vc_column][\/vc_row][vc_row][vc_column][vc_column_text]In the steam system, the condensate water collected at high pressure by the condensate system turns into steam when it is opened to atmospheric pressure in the condensate tank. This is called flash steam. Normally, the flash steam is discharged into the atmosphere from the condensate tank with a line&hellip;<\/p>\n","protected":false},"author":1,"featured_media":0,"parent":0,"menu_order":0,"comment_status":"closed","ping_status":"closed","template":"template-microsite.php","meta":{"_monsterinsights_skip_tracking":false,"_monsterinsights_sitenote_active":false,"_monsterinsights_sitenote_note":"","_monsterinsights_sitenote_category":0,"footnotes":""},"class_list":["post-750","page","type-page","status-publish","hentry","description-off"],"yoast_head":"<!-- This site is optimized with the Yoast SEO plugin v27.1.1 - https:\/\/yoast.com\/product\/yoast-seo-wordpress\/ -->\n<title>Flash Steam Application - \u00d6zl\u00fc M\u00fchendislik<\/title>\n<meta name=\"description\" content=\"Is\u0131tma, So\u011futma, Klima, Havaland\u0131rma, Do\u011falgaz, LNG, Bas\u0131n\u00e7l\u0131 Hava, S\u0131hhi Tesisat, Buhar, K\u0131zg\u0131n Ya\u011f, K\u0131zg\u0131n Su, Yang\u0131n Tesisatlar\u0131, Proje\" \/>\n<meta name=\"robots\" content=\"index, follow, max-snippet:-1, max-image-preview:large, max-video-preview:-1\" \/>\n<link rel=\"canonical\" href=\"https:\/\/ozlumuhendislik.com\/en\/flash-steam-application\/\" \/>\n<meta property=\"og:locale\" content=\"en_US\" \/>\n<meta property=\"og:type\" content=\"article\" \/>\n<meta property=\"og:title\" content=\"Flash Steam Application - \u00d6zl\u00fc M\u00fchendislik\" \/>\n<meta property=\"og:description\" content=\"Is\u0131tma, So\u011futma, Klima, Havaland\u0131rma, Do\u011falgaz, LNG, Bas\u0131n\u00e7l\u0131 Hava, S\u0131hhi Tesisat, Buhar, K\u0131zg\u0131n Ya\u011f, K\u0131zg\u0131n Su, Yang\u0131n Tesisatlar\u0131, Proje\" \/>\n<meta property=\"og:url\" content=\"https:\/\/ozlumuhendislik.com\/en\/flash-steam-application\/\" \/>\n<meta property=\"og:site_name\" content=\"\u00d6zl\u00fc M\u00fchendislik\" \/>\n<meta property=\"article:publisher\" content=\"https:\/\/www.facebook.com\/ozlu.muhendislik\" \/>\n<meta property=\"article:modified_time\" content=\"2023-11-06T14:20:21+00:00\" \/>\n<meta property=\"og:image\" content=\"https:\/\/ozlumuhendislik.com\/wp-content\/uploads\/2022\/08\/logo95.png\" \/>\n\t<meta property=\"og:image:width\" content=\"191\" \/>\n\t<meta property=\"og:image:height\" content=\"95\" \/>\n\t<meta property=\"og:image:type\" content=\"image\/png\" \/>\n<meta name=\"twitter:card\" content=\"summary_large_image\" \/>\n<meta name=\"twitter:label1\" content=\"Est. reading time\" \/>\n\t<meta name=\"twitter:data1\" content=\"2 minutes\" \/>\n<script type=\"application\/ld+json\" class=\"yoast-schema-graph\">{\"@context\":\"https:\/\/schema.org\",\"@graph\":[{\"@type\":\"WebPage\",\"@id\":\"https:\/\/ozlumuhendislik.com\/en\/flash-steam-application\/\",\"url\":\"https:\/\/ozlumuhendislik.com\/en\/flash-steam-application\/\",\"name\":\"Flash Steam Application - \u00d6zl\u00fc M\u00fchendislik\",\"isPartOf\":{\"@id\":\"https:\/\/ozlumuhendislik.com\/#website\"},\"datePublished\":\"2022-09-04T14:51:12+00:00\",\"dateModified\":\"2023-11-06T14:20:21+00:00\",\"description\":\"Is\u0131tma, So\u011futma, Klima, Havaland\u0131rma, Do\u011falgaz, LNG, Bas\u0131n\u00e7l\u0131 Hava, S\u0131hhi Tesisat, Buhar, K\u0131zg\u0131n Ya\u011f, K\u0131zg\u0131n Su, Yang\u0131n Tesisatlar\u0131, Proje\",\"breadcrumb\":{\"@id\":\"https:\/\/ozlumuhendislik.com\/en\/flash-steam-application\/#breadcrumb\"},\"inLanguage\":\"en-US\",\"potentialAction\":[{\"@type\":\"ReadAction\",\"target\":[\"https:\/\/ozlumuhendislik.com\/en\/flash-steam-application\/\"]}]},{\"@type\":\"BreadcrumbList\",\"@id\":\"https:\/\/ozlumuhendislik.com\/en\/flash-steam-application\/#breadcrumb\",\"itemListElement\":[{\"@type\":\"ListItem\",\"position\":1,\"name\":\"Home\",\"item\":\"https:\/\/ozlumuhendislik.com\/en\/\"},{\"@type\":\"ListItem\",\"position\":2,\"name\":\"Flash Steam Application\"}]},{\"@type\":\"WebSite\",\"@id\":\"https:\/\/ozlumuhendislik.com\/#website\",\"url\":\"https:\/\/ozlumuhendislik.com\/\",\"name\":\"\u00d6zl\u00fc M\u00fchendislik\",\"description\":\"Enerji Tasarruf Sistemleri, Enerji Verimlili\u011fi ve Y\u00f6netimi\",\"publisher\":{\"@id\":\"https:\/\/ozlumuhendislik.com\/#organization\"},\"potentialAction\":[{\"@type\":\"SearchAction\",\"target\":{\"@type\":\"EntryPoint\",\"urlTemplate\":\"https:\/\/ozlumuhendislik.com\/?s={search_term_string}\"},\"query-input\":{\"@type\":\"PropertyValueSpecification\",\"valueRequired\":true,\"valueName\":\"search_term_string\"}}],\"inLanguage\":\"en-US\"},{\"@type\":\"Organization\",\"@id\":\"https:\/\/ozlumuhendislik.com\/#organization\",\"name\":\"\u00d6zl\u00fc M\u00fchendislik\",\"alternateName\":\"\u00d6zl\u00fc M\u00fchendislik Proje Taahh\u00fct\",\"url\":\"https:\/\/ozlumuhendislik.com\/\",\"logo\":{\"@type\":\"ImageObject\",\"inLanguage\":\"en-US\",\"@id\":\"https:\/\/ozlumuhendislik.com\/#\/schema\/logo\/image\/\",\"url\":\"https:\/\/ozlumuhendislik.com\/wp-content\/uploads\/2022\/08\/logo95.png\",\"contentUrl\":\"https:\/\/ozlumuhendislik.com\/wp-content\/uploads\/2022\/08\/logo95.png\",\"width\":191,\"height\":95,\"caption\":\"\u00d6zl\u00fc M\u00fchendislik\"},\"image\":{\"@id\":\"https:\/\/ozlumuhendislik.com\/#\/schema\/logo\/image\/\"},\"sameAs\":[\"https:\/\/www.facebook.com\/ozlu.muhendislik\",\"https:\/\/www.instagram.com\/ozlumuhendislik\/\"]}]}<\/script>\n<!-- \/ Yoast SEO plugin. -->","yoast_head_json":{"title":"Flash Steam Application - \u00d6zl\u00fc M\u00fchendislik","description":"Is\u0131tma, So\u011futma, Klima, Havaland\u0131rma, Do\u011falgaz, LNG, Bas\u0131n\u00e7l\u0131 Hava, S\u0131hhi Tesisat, Buhar, K\u0131zg\u0131n Ya\u011f, K\u0131zg\u0131n Su, Yang\u0131n Tesisatlar\u0131, Proje","robots":{"index":"index","follow":"follow","max-snippet":"max-snippet:-1","max-image-preview":"max-image-preview:large","max-video-preview":"max-video-preview:-1"},"canonical":"https:\/\/ozlumuhendislik.com\/en\/flash-steam-application\/","og_locale":"en_US","og_type":"article","og_title":"Flash Steam Application - \u00d6zl\u00fc M\u00fchendislik","og_description":"Is\u0131tma, So\u011futma, Klima, Havaland\u0131rma, Do\u011falgaz, LNG, Bas\u0131n\u00e7l\u0131 Hava, S\u0131hhi Tesisat, Buhar, K\u0131zg\u0131n Ya\u011f, K\u0131zg\u0131n Su, Yang\u0131n Tesisatlar\u0131, Proje","og_url":"https:\/\/ozlumuhendislik.com\/en\/flash-steam-application\/","og_site_name":"\u00d6zl\u00fc M\u00fchendislik","article_publisher":"https:\/\/www.facebook.com\/ozlu.muhendislik","article_modified_time":"2023-11-06T14:20:21+00:00","og_image":[{"width":191,"height":95,"url":"https:\/\/ozlumuhendislik.com\/wp-content\/uploads\/2022\/08\/logo95.png","type":"image\/png"}],"twitter_card":"summary_large_image","twitter_misc":{"Est. reading time":"2 minutes"},"schema":{"@context":"https:\/\/schema.org","@graph":[{"@type":"WebPage","@id":"https:\/\/ozlumuhendislik.com\/en\/flash-steam-application\/","url":"https:\/\/ozlumuhendislik.com\/en\/flash-steam-application\/","name":"Flash Steam Application - \u00d6zl\u00fc M\u00fchendislik","isPartOf":{"@id":"https:\/\/ozlumuhendislik.com\/#website"},"datePublished":"2022-09-04T14:51:12+00:00","dateModified":"2023-11-06T14:20:21+00:00","description":"Is\u0131tma, So\u011futma, Klima, Havaland\u0131rma, Do\u011falgaz, LNG, Bas\u0131n\u00e7l\u0131 Hava, S\u0131hhi Tesisat, Buhar, K\u0131zg\u0131n Ya\u011f, K\u0131zg\u0131n Su, Yang\u0131n Tesisatlar\u0131, Proje","breadcrumb":{"@id":"https:\/\/ozlumuhendislik.com\/en\/flash-steam-application\/#breadcrumb"},"inLanguage":"en-US","potentialAction":[{"@type":"ReadAction","target":["https:\/\/ozlumuhendislik.com\/en\/flash-steam-application\/"]}]},{"@type":"BreadcrumbList","@id":"https:\/\/ozlumuhendislik.com\/en\/flash-steam-application\/#breadcrumb","itemListElement":[{"@type":"ListItem","position":1,"name":"Home","item":"https:\/\/ozlumuhendislik.com\/en\/"},{"@type":"ListItem","position":2,"name":"Flash Steam Application"}]},{"@type":"WebSite","@id":"https:\/\/ozlumuhendislik.com\/#website","url":"https:\/\/ozlumuhendislik.com\/","name":"\u00d6zl\u00fc M\u00fchendislik","description":"Enerji Tasarruf Sistemleri, Enerji Verimlili\u011fi ve Y\u00f6netimi","publisher":{"@id":"https:\/\/ozlumuhendislik.com\/#organization"},"potentialAction":[{"@type":"SearchAction","target":{"@type":"EntryPoint","urlTemplate":"https:\/\/ozlumuhendislik.com\/?s={search_term_string}"},"query-input":{"@type":"PropertyValueSpecification","valueRequired":true,"valueName":"search_term_string"}}],"inLanguage":"en-US"},{"@type":"Organization","@id":"https:\/\/ozlumuhendislik.com\/#organization","name":"\u00d6zl\u00fc M\u00fchendislik","alternateName":"\u00d6zl\u00fc M\u00fchendislik Proje Taahh\u00fct","url":"https:\/\/ozlumuhendislik.com\/","logo":{"@type":"ImageObject","inLanguage":"en-US","@id":"https:\/\/ozlumuhendislik.com\/#\/schema\/logo\/image\/","url":"https:\/\/ozlumuhendislik.com\/wp-content\/uploads\/2022\/08\/logo95.png","contentUrl":"https:\/\/ozlumuhendislik.com\/wp-content\/uploads\/2022\/08\/logo95.png","width":191,"height":95,"caption":"\u00d6zl\u00fc M\u00fchendislik"},"image":{"@id":"https:\/\/ozlumuhendislik.com\/#\/schema\/logo\/image\/"},"sameAs":["https:\/\/www.facebook.com\/ozlu.muhendislik","https:\/\/www.instagram.com\/ozlumuhendislik\/"]}]}},"_links":{"self":[{"href":"https:\/\/ozlumuhendislik.com\/en\/wp-json\/wp\/v2\/pages\/750","targetHints":{"allow":["GET"]}}],"collection":[{"href":"https:\/\/ozlumuhendislik.com\/en\/wp-json\/wp\/v2\/pages"}],"about":[{"href":"https:\/\/ozlumuhendislik.com\/en\/wp-json\/wp\/v2\/types\/page"}],"author":[{"embeddable":true,"href":"https:\/\/ozlumuhendislik.com\/en\/wp-json\/wp\/v2\/users\/1"}],"replies":[{"embeddable":true,"href":"https:\/\/ozlumuhendislik.com\/en\/wp-json\/wp\/v2\/comments?post=750"}],"version-history":[{"count":1,"href":"https:\/\/ozlumuhendislik.com\/en\/wp-json\/wp\/v2\/pages\/750\/revisions"}],"predecessor-version":[{"id":751,"href":"https:\/\/ozlumuhendislik.com\/en\/wp-json\/wp\/v2\/pages\/750\/revisions\/751"}],"wp:attachment":[{"href":"https:\/\/ozlumuhendislik.com\/en\/wp-json\/wp\/v2\/media?parent=750"}],"curies":[{"name":"wp","href":"https:\/\/api.w.org\/{rel}","templated":true}]}}