{"id":661,"date":"2022-12-03T21:57:16","date_gmt":"2022-12-03T21:57:16","guid":{"rendered":"https:\/\/ozlumuhendislik.com\/mechanical-installation\/yangindan-korunma-tesisati\/"},"modified":"2024-03-28T13:21:13","modified_gmt":"2024-03-28T13:21:13","slug":"fire-protection-installation","status":"publish","type":"page","link":"https:\/\/ozlumuhendislik.com\/en\/mechanical-installation\/fire-protection-installation\/","title":{"rendered":"Fire Protection Installation"},"content":{"rendered":"<p>[vc_row][vc_column]<div id=\"ultv-4999\" class=\"ult-dual-color ult-adjust-bottom-margin ult-dual-color-responsive-none ultv-4999  \"><div class=\"ult-module-content ult-dual-color-heading\" style=\"text-align:left;\">\n\t\t\t\t\t\t<h3><span class=\"ult-before-heading\">\n\t\t\t\t\t\t\t\t\t<span class=\"ult-dual-heading-text ult-first-text ult-responsive\"  data-ultimate-target='.ult-dual-color.ultv-4999 .ult-dual-heading-text'  data-responsive-json-new='{\"font-size\":\"desktop:30px;\",\"line-height\":\"\"}'  style=\"color:#666666;  text-transform: uppercase;   border:none; font-family:&#039;Montserrat&#039;;font-weight:700;\">Fire Protection<\/span>\n\t\t\t\t\t\t\t\t<\/span><span class=\"ult-adv-heading\" style=\"\">\n\t\t\t\t\t\t\t\t\t<span class=\"ult-dual-adv-heading-text ult-highlight-text ult-responsive\"  data-ultimate-target='.ult-dual-color.ultv-4999 .ult-highlight-text'  data-responsive-json-new='{\"font-size\":\"desktop:30px;\",\"line-height\":\"\"}'  style=\"color:#666666;  text-transform: uppercase;   border:none; font-family:&#039;Montserrat&#039;;font-weight:300;\">Installation<\/span>\n\t\t\t\t\t\t\t\t<\/span><\/h3> <\/div><\/div>[vc_separator color=&#8221;custom&#8221; align=&#8221;align_left&#8221; border_width=&#8221;7&#8243; el_width=&#8221;10&#8243; accent_color=&#8221;#c8d400&#8243;][vc_empty_space][\/vc_column][\/vc_row][vc_row][vc_column][vc_column_text]\u00d6zl\u00fc M\u00fchendislik is engaged in the design, manufacture and installation of fire protection installations. It has done fire protection installation works of many industrial establishments.[\/vc_column_text][\/vc_column][\/vc_row][vc_row][vc_column width=&#8221;1\/2&#8243;][\/vc_column][vc_column width=&#8221;1\/2&#8243;][\/vc_column][\/vc_row][vc_row][vc_column]<style type=\"text\/css\" data-type=\"the7_shortcodes-inline-css\">.gallery-shortcode.gallery-masonry-shortcode-id-98feab3900dedd664a27d2892df31bd1 figure,\n.gallery-shortcode.gallery-masonry-shortcode-id-98feab3900dedd664a27d2892df31bd1 .rollover,\n.gallery-shortcode.gallery-masonry-shortcode-id-98feab3900dedd664a27d2892df31bd1 img,\n.gallery-shortcode.gallery-masonry-shortcode-id-98feab3900dedd664a27d2892df31bd1 .gallery-rollover {\n  border-radius: 0px;\n}\n.gallery-shortcode.gallery-masonry-shortcode-id-98feab3900dedd664a27d2892df31bd1.enable-bg-rollover .gallery-rollover {\n  background: -webkit-linear-gradient();\n  background: linear-gradient();\n}\n.gallery-shortcode.gallery-masonry-shortcode-id-98feab3900dedd664a27d2892df31bd1.enable-bg-rollover.hover-scale figure .rollover:after {\n  background: -webkit-linear-gradient();\n  background: linear-gradient();\n}\n.gallery-shortcode.gallery-masonry-shortcode-id-98feab3900dedd664a27d2892df31bd1 .gallery-zoom-ico {\n  width: 44px;\n  height: 44px;\n  line-height: 44px;\n  border-radius: 100px;\n  margin: -22px 0 0 -22px;\n  border-width: 0px;\n  color: #ffffff;\n}\n.dt-icon-bg-on.gallery-shortcode.gallery-masonry-shortcode-id-98feab3900dedd664a27d2892df31bd1 .gallery-zoom-ico {\n  background: rgba(255,255,255,0.3);\n  box-shadow: none;\n}\n.gallery-shortcode.gallery-masonry-shortcode-id-98feab3900dedd664a27d2892df31bd1 .gallery-zoom-ico:before,\n.gallery-shortcode.gallery-masonry-shortcode-id-98feab3900dedd664a27d2892df31bd1 .gallery-zoom-ico span {\n  font-size: 32px;\n  line-height: 44px;\n  color: #ffffff;\n}\n.gallery-shortcode.gallery-masonry-shortcode-id-98feab3900dedd664a27d2892df31bd1:not(.resize-by-browser-width) .dt-css-grid {\n  grid-row-gap: 10px;\n  grid-column-gap: 10px;\n  grid-template-columns: repeat(auto-fill,minmax(,1fr));\n}\n.gallery-shortcode.gallery-masonry-shortcode-id-98feab3900dedd664a27d2892df31bd1:not(.resize-by-browser-width) .dt-css-grid .double-width {\n  grid-column: span 2;\n}\n.cssgridlegacy.no-cssgrid .gallery-shortcode.gallery-masonry-shortcode-id-98feab3900dedd664a27d2892df31bd1:not(.resize-by-browser-width) .dt-css-grid,\n.no-cssgridlegacy.no-cssgrid .gallery-shortcode.gallery-masonry-shortcode-id-98feab3900dedd664a27d2892df31bd1:not(.resize-by-browser-width) .dt-css-grid {\n  display: flex;\n  flex-flow: row wrap;\n  margin: -5px;\n}\n.cssgridlegacy.no-cssgrid .gallery-shortcode.gallery-masonry-shortcode-id-98feab3900dedd664a27d2892df31bd1:not(.resize-by-browser-width) .dt-css-grid .wf-cell,\n.no-cssgridlegacy.no-cssgrid .gallery-shortcode.gallery-masonry-shortcode-id-98feab3900dedd664a27d2892df31bd1:not(.resize-by-browser-width) .dt-css-grid .wf-cell {\n  flex: 1 0 ;\n  max-width: 100%;\n  padding: 5px;\n  box-sizing: border-box;\n}\n.gallery-shortcode.gallery-masonry-shortcode-id-98feab3900dedd664a27d2892df31bd1.resize-by-browser-width .dt-css-grid {\n  grid-template-columns: repeat(2,1fr);\n  grid-template-rows: auto;\n  grid-column-gap: 10px;\n  grid-row-gap: 10px;\n}\n.gallery-shortcode.gallery-masonry-shortcode-id-98feab3900dedd664a27d2892df31bd1.resize-by-browser-width .dt-css-grid .double-width {\n  grid-column: span 2;\n}\n.cssgridlegacy.no-cssgrid .gallery-shortcode.gallery-masonry-shortcode-id-98feab3900dedd664a27d2892df31bd1.resize-by-browser-width .dt-css-grid {\n  margin: -5px;\n}\n.cssgridlegacy.no-cssgrid .gallery-shortcode.gallery-masonry-shortcode-id-98feab3900dedd664a27d2892df31bd1.resize-by-browser-width .dt-css-grid .wf-cell {\n  width: 50%;\n  padding: 5px;\n}\n.cssgridlegacy.no-cssgrid .gallery-shortcode.gallery-masonry-shortcode-id-98feab3900dedd664a27d2892df31bd1.resize-by-browser-width .dt-css-grid .wf-cell.double-width {\n  width: calc(50%) * 2;\n}\n.gallery-shortcode.gallery-masonry-shortcode-id-98feab3900dedd664a27d2892df31bd1.resize-by-browser-width:not(.centered-layout-list):not(.content-bg-on) .dt-css-grid {\n  grid-row-gap: 10px - ;\n}\n@media screen and (max-width: 1199px) {\n  .gallery-shortcode.gallery-masonry-shortcode-id-98feab3900dedd664a27d2892df31bd1.resize-by-browser-width .dt-css-grid {\n    grid-template-columns: repeat(4,1fr);\n  }\n  .cssgridlegacy.no-cssgrid .gallery-shortcode.gallery-masonry-shortcode-id-98feab3900dedd664a27d2892df31bd1.resize-by-browser-width .dt-css-grid .wf-cell,\n  .no-cssgridlegacy.no-cssgrid .gallery-shortcode.gallery-masonry-shortcode-id-98feab3900dedd664a27d2892df31bd1.resize-by-browser-width .dt-css-grid .wf-cell {\n    width: 25%;\n  }\n  .cssgridlegacy.no-cssgrid .gallery-shortcode.gallery-masonry-shortcode-id-98feab3900dedd664a27d2892df31bd1.resize-by-browser-width .dt-css-grid .wf-cell.double-width,\n  .no-cssgridlegacy.no-cssgrid .gallery-shortcode.gallery-masonry-shortcode-id-98feab3900dedd664a27d2892df31bd1.resize-by-browser-width .dt-css-grid .wf-cell.double-width {\n    width: calc(25%)*2;\n  }\n}\n@media screen and (max-width: 991px) {\n  .gallery-shortcode.gallery-masonry-shortcode-id-98feab3900dedd664a27d2892df31bd1.resize-by-browser-width .dt-css-grid {\n    grid-template-columns: repeat(3,1fr);\n  }\n  .cssgridlegacy.no-cssgrid .gallery-shortcode.gallery-masonry-shortcode-id-98feab3900dedd664a27d2892df31bd1.resize-by-browser-width .dt-css-grid .wf-cell,\n  .no-cssgridlegacy.no-cssgrid .gallery-shortcode.gallery-masonry-shortcode-id-98feab3900dedd664a27d2892df31bd1.resize-by-browser-width .dt-css-grid .wf-cell {\n    width: 33.333333333333%;\n  }\n  .cssgridlegacy.no-cssgrid .gallery-shortcode.gallery-masonry-shortcode-id-98feab3900dedd664a27d2892df31bd1.resize-by-browser-width .dt-css-grid .wf-cell.double-width,\n  .no-cssgridlegacy.no-cssgrid .gallery-shortcode.gallery-masonry-shortcode-id-98feab3900dedd664a27d2892df31bd1.resize-by-browser-width .dt-css-grid .wf-cell.double-width {\n    width: calc(33.333333333333%)*2;\n  }\n}\n@media screen and (max-width: 767px) {\n  .gallery-shortcode.gallery-masonry-shortcode-id-98feab3900dedd664a27d2892df31bd1.resize-by-browser-width .dt-css-grid {\n    grid-template-columns: repeat(2,1fr);\n  }\n  .cssgridlegacy.no-cssgrid .gallery-shortcode.gallery-masonry-shortcode-id-98feab3900dedd664a27d2892df31bd1.resize-by-browser-width .dt-css-grid .wf-cell,\n  .no-cssgridlegacy.no-cssgrid .gallery-shortcode.gallery-masonry-shortcode-id-98feab3900dedd664a27d2892df31bd1.resize-by-browser-width .dt-css-grid .wf-cell {\n    width: 50%;\n  }\n  .cssgridlegacy.no-cssgrid .gallery-shortcode.gallery-masonry-shortcode-id-98feab3900dedd664a27d2892df31bd1.resize-by-browser-width .dt-css-grid .wf-cell.double-width,\n  .no-cssgridlegacy.no-cssgrid .gallery-shortcode.gallery-masonry-shortcode-id-98feab3900dedd664a27d2892df31bd1.resize-by-browser-width .dt-css-grid .wf-cell.double-width {\n    width: calc(50%)*2;\n  }\n}\n<\/style><div class=\"gallery-shortcode dt-gallery-container gallery-masonry-shortcode-id-98feab3900dedd664a27d2892df31bd1 mode-grid jquery-filter dt-icon-bg-off quick-scale-img dt-css-grid-wrap enable-bg-rollover resize-by-browser-width  hover-fade loading-effect-none description-on-hover\" data-padding=\"5px\" data-cur-page=\"1\" data-post-limit=\"-1\" data-pagination-mode=\"none\" data-desktop-columns-num=\"2\" data-v-tablet-columns-num=\"3\" data-h-tablet-columns-num=\"4\" data-phone-columns-num=\"2\" data-width=\"0px\" data-columns=\"0\"><div class=\"dt-css-grid\" ><div class=\"wf-cell\" data-post-id=\"1140\" data-date=\"2024-02-22T15:00:45+00:00\" data-name=\"BERTEKS - KOMPLE MEKANI\u0307K BUHAR - KONDENS - PASLANMAZ SU - BASINC\u0327LI HAVA - YANGIN\"><figure class=\"post visible\"><a href=\"https:\/\/ozlumuhendislik.com\/wp-content\/uploads\/2024\/02\/BERTEKS-KOMPLE-MEKANIK-BUHAR-KONDENS-PASLANMAZ-SU-BASINCLI-HAVA-YANGIN-1.jpg\" class=\"rollover dt-pswp-item layzr-bg\" data-large_image_width=\"1300\" data-large_image_height=\"1733\" data-dt-img-description=\"\" title=\"BERTEKS &#8211; KOMPLE MEKANI\u0307K BUHAR &#8211; KONDENS &#8211; PASLANMAZ SU &#8211; BASINC\u0327LI HAVA &#8211; YANGIN\"><img fetchpriority=\"high\" decoding=\"async\" class=\"preload-me iso-lazy-load aspect\" src=\"data:image\/svg+xml,%3Csvg%20xmlns%3D&#39;http%3A%2F%2Fwww.w3.org%2F2000%2Fsvg&#39;%20viewBox%3D&#39;0%200%20458%20343&#39;%2F%3E\" data-src=\"https:\/\/ozlumuhendislik.com\/wp-content\/uploads\/2024\/02\/BERTEKS-KOMPLE-MEKANIK-BUHAR-KONDENS-PASLANMAZ-SU-BASINCLI-HAVA-YANGIN-1-458x343.jpg\" data-srcset=\"https:\/\/ozlumuhendislik.com\/wp-content\/uploads\/2024\/02\/BERTEKS-KOMPLE-MEKANIK-BUHAR-KONDENS-PASLANMAZ-SU-BASINCLI-HAVA-YANGIN-1-458x343.jpg 458w, https:\/\/ozlumuhendislik.com\/wp-content\/uploads\/2024\/02\/BERTEKS-KOMPLE-MEKANIK-BUHAR-KONDENS-PASLANMAZ-SU-BASINCLI-HAVA-YANGIN-1-687x515.jpg 687w\" loading=\"eager\" style=\"--ratio: 458 \/ 343\" sizes=\"(max-width: 458px) 100vw, 458px\" alt=\"\" width=\"458\" height=\"343\"  \/><span class=\"gallery-rollover\"><span class=\"gallery-zoom-ico icomoon-the7-font-the7-zoom-06\"><span><\/span><\/span><\/span><\/a><\/figure><\/div><div class=\"wf-cell\" data-post-id=\"1142\" data-date=\"2024-02-22T15:00:49+00:00\" data-name=\"HEDI\u0307YE AY- ALI\u0307 AY VI\u0307LLA - SIHHI\u0307 TESI\u0307SAT - YANGIN - YERDEN ISITMA - KLI\u0307MA - HAVALANDIRMA-\"><figure class=\"post visible\"><a href=\"https:\/\/ozlumuhendislik.com\/wp-content\/uploads\/2024\/02\/HEDIYE-AY-ALI-AY-VILLA-SIHHI-TESISAT-YANGIN-YERDEN-ISITMA-KLIMA-HAVALANDIRMA-1-1.jpg\" class=\"rollover dt-pswp-item layzr-bg\" data-large_image_width=\"1100\" data-large_image_height=\"825\" data-dt-img-description=\"\" title=\"HEDI\u0307YE AY- ALI\u0307 AY VI\u0307LLA &#8211; SIHHI\u0307 TESI\u0307SAT &#8211; YANGIN &#8211; YERDEN ISITMA &#8211; KLI\u0307MA &#8211; HAVALANDIRMA-\"><img decoding=\"async\" class=\"preload-me iso-lazy-load aspect\" src=\"data:image\/svg+xml,%3Csvg%20xmlns%3D&#39;http%3A%2F%2Fwww.w3.org%2F2000%2Fsvg&#39;%20viewBox%3D&#39;0%200%20458%20343&#39;%2F%3E\" data-src=\"https:\/\/ozlumuhendislik.com\/wp-content\/uploads\/2024\/02\/HEDIYE-AY-ALI-AY-VILLA-SIHHI-TESISAT-YANGIN-YERDEN-ISITMA-KLIMA-HAVALANDIRMA-1-1-458x343.jpg\" data-srcset=\"https:\/\/ozlumuhendislik.com\/wp-content\/uploads\/2024\/02\/HEDIYE-AY-ALI-AY-VILLA-SIHHI-TESISAT-YANGIN-YERDEN-ISITMA-KLIMA-HAVALANDIRMA-1-1-458x343.jpg 458w, https:\/\/ozlumuhendislik.com\/wp-content\/uploads\/2024\/02\/HEDIYE-AY-ALI-AY-VILLA-SIHHI-TESISAT-YANGIN-YERDEN-ISITMA-KLIMA-HAVALANDIRMA-1-1-687x515.jpg 687w\" loading=\"eager\" style=\"--ratio: 458 \/ 343\" sizes=\"(max-width: 458px) 100vw, 458px\" alt=\"\" width=\"458\" height=\"343\"  \/><span class=\"gallery-rollover\"><span class=\"gallery-zoom-ico icomoon-the7-font-the7-zoom-06\"><span><\/span><\/span><\/span><\/a><\/figure><\/div><div class=\"wf-cell\" data-post-id=\"1144\" data-date=\"2024-02-22T15:00:50+00:00\" data-name=\"S\u0131hhi - Is\u0131tma - Sog\u0306utma - Yang\u0131n - KER-MEYDAN-KAZAN-DAI\u0307RESI\u0307\"><figure class=\"post visible\"><a href=\"https:\/\/ozlumuhendislik.com\/wp-content\/uploads\/2024\/02\/Sihhi-Isitma-Sogutma-Yangin-KER-MEYDAN-KAZAN-DAIRESI-1.jpg\" class=\"rollover dt-pswp-item layzr-bg\" data-large_image_width=\"1024\" data-large_image_height=\"576\" data-dt-img-description=\"\" title=\"S\u0131hhi &#8211; Is\u0131tma &#8211; Sog\u0306utma &#8211; Yang\u0131n &#8211; KER-MEYDAN-KAZAN-DAI\u0307RESI\u0307\"><img decoding=\"async\" class=\"preload-me iso-lazy-load aspect\" src=\"data:image\/svg+xml,%3Csvg%20xmlns%3D&#39;http%3A%2F%2Fwww.w3.org%2F2000%2Fsvg&#39;%20viewBox%3D&#39;0%200%20458%20343&#39;%2F%3E\" data-src=\"https:\/\/ozlumuhendislik.com\/wp-content\/uploads\/2024\/02\/Sihhi-Isitma-Sogutma-Yangin-KER-MEYDAN-KAZAN-DAIRESI-1-458x343.jpg\" data-srcset=\"https:\/\/ozlumuhendislik.com\/wp-content\/uploads\/2024\/02\/Sihhi-Isitma-Sogutma-Yangin-KER-MEYDAN-KAZAN-DAIRESI-1-458x343.jpg 458w, https:\/\/ozlumuhendislik.com\/wp-content\/uploads\/2024\/02\/Sihhi-Isitma-Sogutma-Yangin-KER-MEYDAN-KAZAN-DAIRESI-1-687x515.jpg 687w\" loading=\"eager\" style=\"--ratio: 458 \/ 343\" sizes=\"(max-width: 458px) 100vw, 458px\" alt=\"\" width=\"458\" height=\"343\"  \/><span class=\"gallery-rollover\"><span class=\"gallery-zoom-ico icomoon-the7-font-the7-zoom-06\"><span><\/span><\/span><\/span><\/a><\/figure><\/div><\/div><!-- iso-container|iso-grid --><\/div>[\/vc_column][\/vc_row]<\/p>\n","protected":false},"excerpt":{"rendered":"<p>[vc_row][vc_column][vc_separator color=&#8221;custom&#8221; align=&#8221;align_left&#8221; border_width=&#8221;7&#8243; el_width=&#8221;10&#8243; accent_color=&#8221;#c8d400&#8243;][vc_empty_space][\/vc_column][\/vc_row][vc_row][vc_column][vc_column_text]\u00d6zl\u00fc M\u00fchendislik is engaged in the design, manufacture and installation of fire protection installations. It has done fire protection installation works of many industrial establishments.[\/vc_column_text][\/vc_column][\/vc_row][vc_row][vc_column width=&#8221;1\/2&#8243;][\/vc_column][vc_column width=&#8221;1\/2&#8243;][\/vc_column][\/vc_row][vc_row][vc_column][\/vc_column][\/vc_row]<\/p>\n","protected":false},"author":1,"featured_media":0,"parent":644,"menu_order":0,"comment_status":"closed","ping_status":"closed","template":"template-microsite.php","meta":{"_monsterinsights_skip_tracking":false,"_monsterinsights_sitenote_active":false,"_monsterinsights_sitenote_note":"","_monsterinsights_sitenote_category":0,"footnotes":""},"class_list":["post-661","page","type-page","status-publish","hentry","description-off"],"yoast_head":"<!-- This site is optimized with the Yoast SEO plugin v27.1.1 - https:\/\/yoast.com\/product\/yoast-seo-wordpress\/ -->\n<title>Fire Protection Installation - \u00d6zl\u00fc M\u00fchendislik<\/title>\n<meta name=\"description\" content=\"Is\u0131tma, So\u011futma, Klima, Havaland\u0131rma, Do\u011falgaz, LNG, Bas\u0131n\u00e7l\u0131 Hava, S\u0131hhi Tesisat, Buhar, K\u0131zg\u0131n Ya\u011f, K\u0131zg\u0131n Su, Yang\u0131n Tesisatlar\u0131, Proje\" \/>\n<meta name=\"robots\" content=\"index, follow, max-snippet:-1, max-image-preview:large, max-video-preview:-1\" \/>\n<link rel=\"canonical\" href=\"https:\/\/ozlumuhendislik.com\/en\/mechanical-installation\/fire-protection-installation\/\" \/>\n<meta property=\"og:locale\" content=\"en_US\" \/>\n<meta property=\"og:type\" content=\"article\" \/>\n<meta property=\"og:title\" content=\"Fire Protection Installation - \u00d6zl\u00fc M\u00fchendislik\" \/>\n<meta property=\"og:description\" content=\"Is\u0131tma, So\u011futma, Klima, Havaland\u0131rma, Do\u011falgaz, LNG, Bas\u0131n\u00e7l\u0131 Hava, S\u0131hhi Tesisat, Buhar, K\u0131zg\u0131n Ya\u011f, K\u0131zg\u0131n Su, Yang\u0131n Tesisatlar\u0131, Proje\" \/>\n<meta property=\"og:url\" content=\"https:\/\/ozlumuhendislik.com\/en\/mechanical-installation\/fire-protection-installation\/\" \/>\n<meta property=\"og:site_name\" content=\"\u00d6zl\u00fc M\u00fchendislik\" \/>\n<meta property=\"article:publisher\" content=\"https:\/\/www.facebook.com\/ozlu.muhendislik\" \/>\n<meta property=\"article:modified_time\" content=\"2024-03-28T13:21:13+00:00\" \/>\n<meta property=\"og:image\" content=\"https:\/\/ozlumuhendislik.com\/wp-content\/uploads\/2022\/08\/logo95.png\" \/>\n\t<meta property=\"og:image:width\" content=\"191\" \/>\n\t<meta property=\"og:image:height\" content=\"95\" \/>\n\t<meta property=\"og:image:type\" content=\"image\/png\" \/>\n<meta name=\"twitter:card\" content=\"summary_large_image\" \/>\n<meta name=\"twitter:label1\" content=\"Est. reading time\" \/>\n\t<meta name=\"twitter:data1\" content=\"1 minute\" \/>\n<script type=\"application\/ld+json\" class=\"yoast-schema-graph\">{\"@context\":\"https:\/\/schema.org\",\"@graph\":[{\"@type\":\"WebPage\",\"@id\":\"https:\/\/ozlumuhendislik.com\/en\/mechanical-installation\/fire-protection-installation\/\",\"url\":\"https:\/\/ozlumuhendislik.com\/en\/mechanical-installation\/fire-protection-installation\/\",\"name\":\"Fire Protection Installation - \u00d6zl\u00fc M\u00fchendislik\",\"isPartOf\":{\"@id\":\"https:\/\/ozlumuhendislik.com\/#website\"},\"datePublished\":\"2022-12-03T21:57:16+00:00\",\"dateModified\":\"2024-03-28T13:21:13+00:00\",\"description\":\"Is\u0131tma, So\u011futma, Klima, Havaland\u0131rma, Do\u011falgaz, LNG, Bas\u0131n\u00e7l\u0131 Hava, S\u0131hhi Tesisat, Buhar, K\u0131zg\u0131n Ya\u011f, K\u0131zg\u0131n Su, Yang\u0131n Tesisatlar\u0131, Proje\",\"breadcrumb\":{\"@id\":\"https:\/\/ozlumuhendislik.com\/en\/mechanical-installation\/fire-protection-installation\/#breadcrumb\"},\"inLanguage\":\"en-US\",\"potentialAction\":[{\"@type\":\"ReadAction\",\"target\":[\"https:\/\/ozlumuhendislik.com\/en\/mechanical-installation\/fire-protection-installation\/\"]}]},{\"@type\":\"BreadcrumbList\",\"@id\":\"https:\/\/ozlumuhendislik.com\/en\/mechanical-installation\/fire-protection-installation\/#breadcrumb\",\"itemListElement\":[{\"@type\":\"ListItem\",\"position\":1,\"name\":\"Home\",\"item\":\"https:\/\/ozlumuhendislik.com\/en\/\"},{\"@type\":\"ListItem\",\"position\":2,\"name\":\"Mechanical Installation\",\"item\":\"https:\/\/ozlumuhendislik.com\/en\/mechanical-installation\/\"},{\"@type\":\"ListItem\",\"position\":3,\"name\":\"Fire Protection Installation\"}]},{\"@type\":\"WebSite\",\"@id\":\"https:\/\/ozlumuhendislik.com\/#website\",\"url\":\"https:\/\/ozlumuhendislik.com\/\",\"name\":\"\u00d6zl\u00fc M\u00fchendislik\",\"description\":\"Enerji Tasarruf Sistemleri, Enerji Verimlili\u011fi ve Y\u00f6netimi\",\"publisher\":{\"@id\":\"https:\/\/ozlumuhendislik.com\/#organization\"},\"potentialAction\":[{\"@type\":\"SearchAction\",\"target\":{\"@type\":\"EntryPoint\",\"urlTemplate\":\"https:\/\/ozlumuhendislik.com\/?s={search_term_string}\"},\"query-input\":{\"@type\":\"PropertyValueSpecification\",\"valueRequired\":true,\"valueName\":\"search_term_string\"}}],\"inLanguage\":\"en-US\"},{\"@type\":\"Organization\",\"@id\":\"https:\/\/ozlumuhendislik.com\/#organization\",\"name\":\"\u00d6zl\u00fc M\u00fchendislik\",\"alternateName\":\"\u00d6zl\u00fc M\u00fchendislik Proje Taahh\u00fct\",\"url\":\"https:\/\/ozlumuhendislik.com\/\",\"logo\":{\"@type\":\"ImageObject\",\"inLanguage\":\"en-US\",\"@id\":\"https:\/\/ozlumuhendislik.com\/#\/schema\/logo\/image\/\",\"url\":\"https:\/\/ozlumuhendislik.com\/wp-content\/uploads\/2022\/08\/logo95.png\",\"contentUrl\":\"https:\/\/ozlumuhendislik.com\/wp-content\/uploads\/2022\/08\/logo95.png\",\"width\":191,\"height\":95,\"caption\":\"\u00d6zl\u00fc M\u00fchendislik\"},\"image\":{\"@id\":\"https:\/\/ozlumuhendislik.com\/#\/schema\/logo\/image\/\"},\"sameAs\":[\"https:\/\/www.facebook.com\/ozlu.muhendislik\",\"https:\/\/www.instagram.com\/ozlumuhendislik\/\"]}]}<\/script>\n<!-- \/ Yoast SEO plugin. -->","yoast_head_json":{"title":"Fire Protection Installation - \u00d6zl\u00fc M\u00fchendislik","description":"Is\u0131tma, So\u011futma, Klima, Havaland\u0131rma, Do\u011falgaz, LNG, Bas\u0131n\u00e7l\u0131 Hava, S\u0131hhi Tesisat, Buhar, K\u0131zg\u0131n Ya\u011f, K\u0131zg\u0131n Su, Yang\u0131n Tesisatlar\u0131, Proje","robots":{"index":"index","follow":"follow","max-snippet":"max-snippet:-1","max-image-preview":"max-image-preview:large","max-video-preview":"max-video-preview:-1"},"canonical":"https:\/\/ozlumuhendislik.com\/en\/mechanical-installation\/fire-protection-installation\/","og_locale":"en_US","og_type":"article","og_title":"Fire Protection Installation - \u00d6zl\u00fc M\u00fchendislik","og_description":"Is\u0131tma, So\u011futma, Klima, Havaland\u0131rma, Do\u011falgaz, LNG, Bas\u0131n\u00e7l\u0131 Hava, S\u0131hhi Tesisat, Buhar, K\u0131zg\u0131n Ya\u011f, K\u0131zg\u0131n Su, Yang\u0131n Tesisatlar\u0131, Proje","og_url":"https:\/\/ozlumuhendislik.com\/en\/mechanical-installation\/fire-protection-installation\/","og_site_name":"\u00d6zl\u00fc M\u00fchendislik","article_publisher":"https:\/\/www.facebook.com\/ozlu.muhendislik","article_modified_time":"2024-03-28T13:21:13+00:00","og_image":[{"width":191,"height":95,"url":"https:\/\/ozlumuhendislik.com\/wp-content\/uploads\/2022\/08\/logo95.png","type":"image\/png"}],"twitter_card":"summary_large_image","twitter_misc":{"Est. reading time":"1 minute"},"schema":{"@context":"https:\/\/schema.org","@graph":[{"@type":"WebPage","@id":"https:\/\/ozlumuhendislik.com\/en\/mechanical-installation\/fire-protection-installation\/","url":"https:\/\/ozlumuhendislik.com\/en\/mechanical-installation\/fire-protection-installation\/","name":"Fire Protection Installation - \u00d6zl\u00fc M\u00fchendislik","isPartOf":{"@id":"https:\/\/ozlumuhendislik.com\/#website"},"datePublished":"2022-12-03T21:57:16+00:00","dateModified":"2024-03-28T13:21:13+00:00","description":"Is\u0131tma, So\u011futma, Klima, Havaland\u0131rma, Do\u011falgaz, LNG, Bas\u0131n\u00e7l\u0131 Hava, S\u0131hhi Tesisat, Buhar, K\u0131zg\u0131n Ya\u011f, K\u0131zg\u0131n Su, Yang\u0131n Tesisatlar\u0131, Proje","breadcrumb":{"@id":"https:\/\/ozlumuhendislik.com\/en\/mechanical-installation\/fire-protection-installation\/#breadcrumb"},"inLanguage":"en-US","potentialAction":[{"@type":"ReadAction","target":["https:\/\/ozlumuhendislik.com\/en\/mechanical-installation\/fire-protection-installation\/"]}]},{"@type":"BreadcrumbList","@id":"https:\/\/ozlumuhendislik.com\/en\/mechanical-installation\/fire-protection-installation\/#breadcrumb","itemListElement":[{"@type":"ListItem","position":1,"name":"Home","item":"https:\/\/ozlumuhendislik.com\/en\/"},{"@type":"ListItem","position":2,"name":"Mechanical Installation","item":"https:\/\/ozlumuhendislik.com\/en\/mechanical-installation\/"},{"@type":"ListItem","position":3,"name":"Fire Protection Installation"}]},{"@type":"WebSite","@id":"https:\/\/ozlumuhendislik.com\/#website","url":"https:\/\/ozlumuhendislik.com\/","name":"\u00d6zl\u00fc M\u00fchendislik","description":"Enerji Tasarruf Sistemleri, Enerji Verimlili\u011fi ve Y\u00f6netimi","publisher":{"@id":"https:\/\/ozlumuhendislik.com\/#organization"},"potentialAction":[{"@type":"SearchAction","target":{"@type":"EntryPoint","urlTemplate":"https:\/\/ozlumuhendislik.com\/?s={search_term_string}"},"query-input":{"@type":"PropertyValueSpecification","valueRequired":true,"valueName":"search_term_string"}}],"inLanguage":"en-US"},{"@type":"Organization","@id":"https:\/\/ozlumuhendislik.com\/#organization","name":"\u00d6zl\u00fc M\u00fchendislik","alternateName":"\u00d6zl\u00fc M\u00fchendislik Proje Taahh\u00fct","url":"https:\/\/ozlumuhendislik.com\/","logo":{"@type":"ImageObject","inLanguage":"en-US","@id":"https:\/\/ozlumuhendislik.com\/#\/schema\/logo\/image\/","url":"https:\/\/ozlumuhendislik.com\/wp-content\/uploads\/2022\/08\/logo95.png","contentUrl":"https:\/\/ozlumuhendislik.com\/wp-content\/uploads\/2022\/08\/logo95.png","width":191,"height":95,"caption":"\u00d6zl\u00fc M\u00fchendislik"},"image":{"@id":"https:\/\/ozlumuhendislik.com\/#\/schema\/logo\/image\/"},"sameAs":["https:\/\/www.facebook.com\/ozlu.muhendislik","https:\/\/www.instagram.com\/ozlumuhendislik\/"]}]}},"_links":{"self":[{"href":"https:\/\/ozlumuhendislik.com\/en\/wp-json\/wp\/v2\/pages\/661","targetHints":{"allow":["GET"]}}],"collection":[{"href":"https:\/\/ozlumuhendislik.com\/en\/wp-json\/wp\/v2\/pages"}],"about":[{"href":"https:\/\/ozlumuhendislik.com\/en\/wp-json\/wp\/v2\/types\/page"}],"author":[{"embeddable":true,"href":"https:\/\/ozlumuhendislik.com\/en\/wp-json\/wp\/v2\/users\/1"}],"replies":[{"embeddable":true,"href":"https:\/\/ozlumuhendislik.com\/en\/wp-json\/wp\/v2\/comments?post=661"}],"version-history":[{"count":2,"href":"https:\/\/ozlumuhendislik.com\/en\/wp-json\/wp\/v2\/pages\/661\/revisions"}],"predecessor-version":[{"id":1399,"href":"https:\/\/ozlumuhendislik.com\/en\/wp-json\/wp\/v2\/pages\/661\/revisions\/1399"}],"up":[{"embeddable":true,"href":"https:\/\/ozlumuhendislik.com\/en\/wp-json\/wp\/v2\/pages\/644"}],"wp:attachment":[{"href":"https:\/\/ozlumuhendislik.com\/en\/wp-json\/wp\/v2\/media?parent=661"}],"curies":[{"name":"wp","href":"https:\/\/api.w.org\/{rel}","templated":true}]}}