{"id":617,"date":"2022-11-03T07:52:36","date_gmt":"2022-11-03T07:52:36","guid":{"rendered":"https:\/\/ozlumuhendislik.com\/basincli-hava-kacaklarinin-ultrasonik-olcum-cihazi-ile-tespiti-ve-raporlanmasi\/"},"modified":"2024-03-28T17:43:01","modified_gmt":"2024-03-28T17:43:01","slug":"detection-and-reporting-of-compressed-air-leaks-with-ultrasonic-measurement-device","status":"publish","type":"page","link":"https:\/\/ozlumuhendislik.com\/en\/detection-and-reporting-of-compressed-air-leaks-with-ultrasonic-measurement-device\/","title":{"rendered":"Detection and Reporting Of Compressed Air Leaks With Ultrasonic Measurement Device"},"content":{"rendered":"<p>[vc_row][vc_column]<div id=\"ultv-866\" class=\"ult-dual-color ult-adjust-bottom-margin ult-dual-color-responsive-none ultv-866  \"><div class=\"ult-module-content ult-dual-color-heading\" style=\"text-align:left;\">\n\t\t\t\t\t\t<h3><span class=\"ult-before-heading\">\n\t\t\t\t\t\t\t\t\t<span class=\"ult-dual-heading-text ult-first-text ult-responsive\"  data-ultimate-target='.ult-dual-color.ultv-866 .ult-dual-heading-text'  data-responsive-json-new='{\"font-size\":\"desktop:30px;\",\"line-height\":\"\"}'  style=\"color:#666666;  text-transform: uppercase;   border:none; font-family:&#039;Montserrat&#039;;font-weight:700;\">Detection and Reporting Of Compressed<\/span>\n\t\t\t\t\t\t\t\t<\/span><span class=\"ult-adv-heading\" style=\"\">\n\t\t\t\t\t\t\t\t\t<span class=\"ult-dual-adv-heading-text ult-highlight-text ult-responsive\"  data-ultimate-target='.ult-dual-color.ultv-866 .ult-highlight-text'  data-responsive-json-new='{\"font-size\":\"desktop:30px;\",\"line-height\":\"\"}'  style=\"color:#666666;  text-transform: uppercase;   border:none; font-family:&#039;Montserrat&#039;;font-weight:300;\">Air Leaks With Ultrasonic Measurement Device<\/span>\n\t\t\t\t\t\t\t\t<\/span><\/h3> <\/div><\/div>[vc_separator color=&#8221;custom&#8221; align=&#8221;align_left&#8221; border_width=&#8221;7&#8243; el_width=&#8221;10&#8243; accent_color=&#8221;#c8d400&#8243;][vc_empty_space][\/vc_column][\/vc_row][vc_row][vc_column][vc_column_text]Leaks occurring in compressed air systems can lead to energy waste and increased operating costs. Therefore, it is important that leaks are detected and eliminated quickly. Leak detection using traditional methods can be time-consuming and costly. However, ultrasonic measuring devices are an effective technology used to facilitate this process.<\/p>\n<p>Ultrasonic measuring devices use high-frequency sound waves to detect leaks in compressed air systems. These devices provide information to the user by detecting sound waves emitted from areas that are illegal. Thanks to this, it is possible to quickly determine the location and size of the fugitives.<\/p>\n<p>Ultrasonic measuring devices for the detection and reporting of compressed air leaks are an important tool for improving energy efficiency and reducing operating costs. These devices offer a faster and more effective solution for detecting leaks. In addition, by creating detailed reports on the detection of fugitives, it ensures that the necessary measures are taken.<\/p>\n<p>As \u00d6zl\u00fc M\u00fchendislik, we present a detailed report to you by photographing the leakage points that we have detected with our expert team. In this report, we record the location, size and amount of leakage in terms of sound unit (dB). Thus, we allow you to clearly see the energy loss and cost caused by leaks.[\/vc_column_text][\/vc_column][\/vc_row][vc_row][vc_column width=&#8221;1\/3&#8243;][vc_single_image image=&#8221;729&#8243; img_size=&#8221;full&#8221;][\/vc_column][vc_column width=&#8221;1\/3&#8243;][vc_single_image image=&#8221;731&#8243; img_size=&#8221;full&#8221;][\/vc_column][vc_column width=&#8221;1\/3&#8243;][vc_single_image image=&#8221;733&#8243; img_size=&#8221;full&#8221;][\/vc_column][\/vc_row]<\/p>\n","protected":false},"excerpt":{"rendered":"<p>[vc_row][vc_column][vc_separator color=&#8221;custom&#8221; align=&#8221;align_left&#8221; border_width=&#8221;7&#8243; el_width=&#8221;10&#8243; accent_color=&#8221;#c8d400&#8243;][vc_empty_space][\/vc_column][\/vc_row][vc_row][vc_column][vc_column_text]Leaks occurring in compressed air systems can lead to energy waste and increased operating costs. Therefore, it is important that leaks are detected and eliminated quickly. Leak detection using traditional methods can be time-consuming and costly. However, ultrasonic measuring devices are an effective technology used to facilitate this process. Ultrasonic&hellip;<\/p>\n","protected":false},"author":1,"featured_media":0,"parent":0,"menu_order":0,"comment_status":"closed","ping_status":"closed","template":"template-microsite.php","meta":{"_monsterinsights_skip_tracking":false,"_monsterinsights_sitenote_active":false,"_monsterinsights_sitenote_note":"","_monsterinsights_sitenote_category":0,"footnotes":""},"class_list":["post-617","page","type-page","status-publish","hentry","description-off"],"yoast_head":"<!-- This site is optimized with the Yoast SEO plugin v27.1.1 - https:\/\/yoast.com\/product\/yoast-seo-wordpress\/ -->\n<title>Detection and Reporting Of Compressed Air Leaks With Ultrasonic Measurement Device - \u00d6zl\u00fc M\u00fchendislik<\/title>\n<meta name=\"description\" content=\"Is\u0131tma, So\u011futma, Klima, Havaland\u0131rma, Do\u011falgaz, LNG, Bas\u0131n\u00e7l\u0131 Hava, S\u0131hhi Tesisat, Buhar, K\u0131zg\u0131n Ya\u011f, K\u0131zg\u0131n Su, Yang\u0131n Tesisatlar\u0131, Proje\" \/>\n<meta name=\"robots\" content=\"index, follow, max-snippet:-1, max-image-preview:large, max-video-preview:-1\" \/>\n<link rel=\"canonical\" href=\"https:\/\/ozlumuhendislik.com\/en\/detection-and-reporting-of-compressed-air-leaks-with-ultrasonic-measurement-device\/\" \/>\n<meta property=\"og:locale\" content=\"en_US\" \/>\n<meta property=\"og:type\" content=\"article\" \/>\n<meta property=\"og:title\" content=\"Detection and Reporting Of Compressed Air Leaks With Ultrasonic Measurement Device - \u00d6zl\u00fc M\u00fchendislik\" \/>\n<meta property=\"og:description\" content=\"Is\u0131tma, So\u011futma, Klima, Havaland\u0131rma, Do\u011falgaz, LNG, Bas\u0131n\u00e7l\u0131 Hava, S\u0131hhi Tesisat, Buhar, K\u0131zg\u0131n Ya\u011f, K\u0131zg\u0131n Su, Yang\u0131n Tesisatlar\u0131, Proje\" \/>\n<meta property=\"og:url\" content=\"https:\/\/ozlumuhendislik.com\/en\/detection-and-reporting-of-compressed-air-leaks-with-ultrasonic-measurement-device\/\" \/>\n<meta property=\"og:site_name\" content=\"\u00d6zl\u00fc M\u00fchendislik\" \/>\n<meta property=\"article:publisher\" content=\"https:\/\/www.facebook.com\/ozlu.muhendislik\" \/>\n<meta property=\"article:modified_time\" content=\"2024-03-28T17:43:01+00:00\" \/>\n<meta property=\"og:image\" content=\"https:\/\/ozlumuhendislik.com\/wp-content\/uploads\/2022\/08\/logo95.png\" \/>\n\t<meta property=\"og:image:width\" content=\"191\" \/>\n\t<meta property=\"og:image:height\" content=\"95\" \/>\n\t<meta property=\"og:image:type\" content=\"image\/png\" \/>\n<meta name=\"twitter:card\" content=\"summary_large_image\" \/>\n<meta name=\"twitter:label1\" content=\"Est. reading time\" \/>\n\t<meta name=\"twitter:data1\" content=\"3 minutes\" \/>\n<script type=\"application\/ld+json\" class=\"yoast-schema-graph\">{\"@context\":\"https:\/\/schema.org\",\"@graph\":[{\"@type\":\"WebPage\",\"@id\":\"https:\/\/ozlumuhendislik.com\/en\/detection-and-reporting-of-compressed-air-leaks-with-ultrasonic-measurement-device\/\",\"url\":\"https:\/\/ozlumuhendislik.com\/en\/detection-and-reporting-of-compressed-air-leaks-with-ultrasonic-measurement-device\/\",\"name\":\"Detection and Reporting Of Compressed Air Leaks With Ultrasonic Measurement Device - \u00d6zl\u00fc M\u00fchendislik\",\"isPartOf\":{\"@id\":\"https:\/\/ozlumuhendislik.com\/#website\"},\"datePublished\":\"2022-11-03T07:52:36+00:00\",\"dateModified\":\"2024-03-28T17:43:01+00:00\",\"description\":\"Is\u0131tma, So\u011futma, Klima, Havaland\u0131rma, Do\u011falgaz, LNG, Bas\u0131n\u00e7l\u0131 Hava, S\u0131hhi Tesisat, Buhar, K\u0131zg\u0131n Ya\u011f, K\u0131zg\u0131n Su, Yang\u0131n Tesisatlar\u0131, Proje\",\"breadcrumb\":{\"@id\":\"https:\/\/ozlumuhendislik.com\/en\/detection-and-reporting-of-compressed-air-leaks-with-ultrasonic-measurement-device\/#breadcrumb\"},\"inLanguage\":\"en-US\",\"potentialAction\":[{\"@type\":\"ReadAction\",\"target\":[\"https:\/\/ozlumuhendislik.com\/en\/detection-and-reporting-of-compressed-air-leaks-with-ultrasonic-measurement-device\/\"]}]},{\"@type\":\"BreadcrumbList\",\"@id\":\"https:\/\/ozlumuhendislik.com\/en\/detection-and-reporting-of-compressed-air-leaks-with-ultrasonic-measurement-device\/#breadcrumb\",\"itemListElement\":[{\"@type\":\"ListItem\",\"position\":1,\"name\":\"Home\",\"item\":\"https:\/\/ozlumuhendislik.com\/en\/\"},{\"@type\":\"ListItem\",\"position\":2,\"name\":\"Detection and Reporting Of Compressed Air Leaks With Ultrasonic Measurement Device\"}]},{\"@type\":\"WebSite\",\"@id\":\"https:\/\/ozlumuhendislik.com\/#website\",\"url\":\"https:\/\/ozlumuhendislik.com\/\",\"name\":\"\u00d6zl\u00fc M\u00fchendislik\",\"description\":\"Enerji Tasarruf Sistemleri, Enerji Verimlili\u011fi ve Y\u00f6netimi\",\"publisher\":{\"@id\":\"https:\/\/ozlumuhendislik.com\/#organization\"},\"potentialAction\":[{\"@type\":\"SearchAction\",\"target\":{\"@type\":\"EntryPoint\",\"urlTemplate\":\"https:\/\/ozlumuhendislik.com\/?s={search_term_string}\"},\"query-input\":{\"@type\":\"PropertyValueSpecification\",\"valueRequired\":true,\"valueName\":\"search_term_string\"}}],\"inLanguage\":\"en-US\"},{\"@type\":\"Organization\",\"@id\":\"https:\/\/ozlumuhendislik.com\/#organization\",\"name\":\"\u00d6zl\u00fc M\u00fchendislik\",\"alternateName\":\"\u00d6zl\u00fc M\u00fchendislik Proje Taahh\u00fct\",\"url\":\"https:\/\/ozlumuhendislik.com\/\",\"logo\":{\"@type\":\"ImageObject\",\"inLanguage\":\"en-US\",\"@id\":\"https:\/\/ozlumuhendislik.com\/#\/schema\/logo\/image\/\",\"url\":\"https:\/\/ozlumuhendislik.com\/wp-content\/uploads\/2022\/08\/logo95.png\",\"contentUrl\":\"https:\/\/ozlumuhendislik.com\/wp-content\/uploads\/2022\/08\/logo95.png\",\"width\":191,\"height\":95,\"caption\":\"\u00d6zl\u00fc M\u00fchendislik\"},\"image\":{\"@id\":\"https:\/\/ozlumuhendislik.com\/#\/schema\/logo\/image\/\"},\"sameAs\":[\"https:\/\/www.facebook.com\/ozlu.muhendislik\",\"https:\/\/www.instagram.com\/ozlumuhendislik\/\"]}]}<\/script>\n<!-- \/ Yoast SEO plugin. -->","yoast_head_json":{"title":"Detection and Reporting Of Compressed Air Leaks With Ultrasonic Measurement Device - \u00d6zl\u00fc M\u00fchendislik","description":"Is\u0131tma, So\u011futma, Klima, Havaland\u0131rma, Do\u011falgaz, LNG, Bas\u0131n\u00e7l\u0131 Hava, S\u0131hhi Tesisat, Buhar, K\u0131zg\u0131n Ya\u011f, K\u0131zg\u0131n Su, Yang\u0131n Tesisatlar\u0131, Proje","robots":{"index":"index","follow":"follow","max-snippet":"max-snippet:-1","max-image-preview":"max-image-preview:large","max-video-preview":"max-video-preview:-1"},"canonical":"https:\/\/ozlumuhendislik.com\/en\/detection-and-reporting-of-compressed-air-leaks-with-ultrasonic-measurement-device\/","og_locale":"en_US","og_type":"article","og_title":"Detection and Reporting Of Compressed Air Leaks With Ultrasonic Measurement Device - \u00d6zl\u00fc M\u00fchendislik","og_description":"Is\u0131tma, So\u011futma, Klima, Havaland\u0131rma, Do\u011falgaz, LNG, Bas\u0131n\u00e7l\u0131 Hava, S\u0131hhi Tesisat, Buhar, K\u0131zg\u0131n Ya\u011f, K\u0131zg\u0131n Su, Yang\u0131n Tesisatlar\u0131, Proje","og_url":"https:\/\/ozlumuhendislik.com\/en\/detection-and-reporting-of-compressed-air-leaks-with-ultrasonic-measurement-device\/","og_site_name":"\u00d6zl\u00fc M\u00fchendislik","article_publisher":"https:\/\/www.facebook.com\/ozlu.muhendislik","article_modified_time":"2024-03-28T17:43:01+00:00","og_image":[{"width":191,"height":95,"url":"https:\/\/ozlumuhendislik.com\/wp-content\/uploads\/2022\/08\/logo95.png","type":"image\/png"}],"twitter_card":"summary_large_image","twitter_misc":{"Est. reading time":"3 minutes"},"schema":{"@context":"https:\/\/schema.org","@graph":[{"@type":"WebPage","@id":"https:\/\/ozlumuhendislik.com\/en\/detection-and-reporting-of-compressed-air-leaks-with-ultrasonic-measurement-device\/","url":"https:\/\/ozlumuhendislik.com\/en\/detection-and-reporting-of-compressed-air-leaks-with-ultrasonic-measurement-device\/","name":"Detection and Reporting Of Compressed Air Leaks With Ultrasonic Measurement Device - \u00d6zl\u00fc M\u00fchendislik","isPartOf":{"@id":"https:\/\/ozlumuhendislik.com\/#website"},"datePublished":"2022-11-03T07:52:36+00:00","dateModified":"2024-03-28T17:43:01+00:00","description":"Is\u0131tma, So\u011futma, Klima, Havaland\u0131rma, Do\u011falgaz, LNG, Bas\u0131n\u00e7l\u0131 Hava, S\u0131hhi Tesisat, Buhar, K\u0131zg\u0131n Ya\u011f, K\u0131zg\u0131n Su, Yang\u0131n Tesisatlar\u0131, Proje","breadcrumb":{"@id":"https:\/\/ozlumuhendislik.com\/en\/detection-and-reporting-of-compressed-air-leaks-with-ultrasonic-measurement-device\/#breadcrumb"},"inLanguage":"en-US","potentialAction":[{"@type":"ReadAction","target":["https:\/\/ozlumuhendislik.com\/en\/detection-and-reporting-of-compressed-air-leaks-with-ultrasonic-measurement-device\/"]}]},{"@type":"BreadcrumbList","@id":"https:\/\/ozlumuhendislik.com\/en\/detection-and-reporting-of-compressed-air-leaks-with-ultrasonic-measurement-device\/#breadcrumb","itemListElement":[{"@type":"ListItem","position":1,"name":"Home","item":"https:\/\/ozlumuhendislik.com\/en\/"},{"@type":"ListItem","position":2,"name":"Detection and Reporting Of Compressed Air Leaks With Ultrasonic Measurement Device"}]},{"@type":"WebSite","@id":"https:\/\/ozlumuhendislik.com\/#website","url":"https:\/\/ozlumuhendislik.com\/","name":"\u00d6zl\u00fc M\u00fchendislik","description":"Enerji Tasarruf Sistemleri, Enerji Verimlili\u011fi ve Y\u00f6netimi","publisher":{"@id":"https:\/\/ozlumuhendislik.com\/#organization"},"potentialAction":[{"@type":"SearchAction","target":{"@type":"EntryPoint","urlTemplate":"https:\/\/ozlumuhendislik.com\/?s={search_term_string}"},"query-input":{"@type":"PropertyValueSpecification","valueRequired":true,"valueName":"search_term_string"}}],"inLanguage":"en-US"},{"@type":"Organization","@id":"https:\/\/ozlumuhendislik.com\/#organization","name":"\u00d6zl\u00fc M\u00fchendislik","alternateName":"\u00d6zl\u00fc M\u00fchendislik Proje Taahh\u00fct","url":"https:\/\/ozlumuhendislik.com\/","logo":{"@type":"ImageObject","inLanguage":"en-US","@id":"https:\/\/ozlumuhendislik.com\/#\/schema\/logo\/image\/","url":"https:\/\/ozlumuhendislik.com\/wp-content\/uploads\/2022\/08\/logo95.png","contentUrl":"https:\/\/ozlumuhendislik.com\/wp-content\/uploads\/2022\/08\/logo95.png","width":191,"height":95,"caption":"\u00d6zl\u00fc M\u00fchendislik"},"image":{"@id":"https:\/\/ozlumuhendislik.com\/#\/schema\/logo\/image\/"},"sameAs":["https:\/\/www.facebook.com\/ozlu.muhendislik","https:\/\/www.instagram.com\/ozlumuhendislik\/"]}]}},"_links":{"self":[{"href":"https:\/\/ozlumuhendislik.com\/en\/wp-json\/wp\/v2\/pages\/617","targetHints":{"allow":["GET"]}}],"collection":[{"href":"https:\/\/ozlumuhendislik.com\/en\/wp-json\/wp\/v2\/pages"}],"about":[{"href":"https:\/\/ozlumuhendislik.com\/en\/wp-json\/wp\/v2\/types\/page"}],"author":[{"embeddable":true,"href":"https:\/\/ozlumuhendislik.com\/en\/wp-json\/wp\/v2\/users\/1"}],"replies":[{"embeddable":true,"href":"https:\/\/ozlumuhendislik.com\/en\/wp-json\/wp\/v2\/comments?post=617"}],"version-history":[{"count":3,"href":"https:\/\/ozlumuhendislik.com\/en\/wp-json\/wp\/v2\/pages\/617\/revisions"}],"predecessor-version":[{"id":1417,"href":"https:\/\/ozlumuhendislik.com\/en\/wp-json\/wp\/v2\/pages\/617\/revisions\/1417"}],"wp:attachment":[{"href":"https:\/\/ozlumuhendislik.com\/en\/wp-json\/wp\/v2\/media?parent=617"}],"curies":[{"name":"wp","href":"https:\/\/api.w.org\/{rel}","templated":true}]}}