{"id":604,"date":"2022-09-04T14:53:15","date_gmt":"2022-09-04T14:53:15","guid":{"rendered":"https:\/\/ozlumuhendislik.com\/atik-isidan-isi-pompasi-ile-doymus-buhar-uretimi\/"},"modified":"2023-06-01T19:50:38","modified_gmt":"2023-06-01T19:50:38","slug":"hot-water-superheated-water-production-with-heat-pump-from-waste-heat","status":"publish","type":"page","link":"https:\/\/ozlumuhendislik.com\/en\/hot-water-superheated-water-production-with-heat-pump-from-waste-heat\/","title":{"rendered":"Hot Water \/ Superheated Water Production with Heat Pump From Waste Heat"},"content":{"rendered":"<p>[vc_row][vc_column]<div id=\"ultv-3695\" class=\"ult-dual-color ult-adjust-bottom-margin ult-dual-color-responsive-none ultv-3695  \"><div class=\"ult-module-content ult-dual-color-heading\" style=\"text-align:left;\">\n\t\t\t\t\t\t<h3><span class=\"ult-before-heading\">\n\t\t\t\t\t\t\t\t\t<span class=\"ult-dual-heading-text ult-first-text ult-responsive\"  data-ultimate-target='.ult-dual-color.ultv-3695 .ult-dual-heading-text'  data-responsive-json-new='{\"font-size\":\"desktop:30px;\",\"line-height\":\"\"}'  style=\"color:#666666;  text-transform: uppercase;   border:none; font-family:&#039;Montserrat&#039;;font-weight:700;\">Hot Water \/ Superheated Water Production <\/span>\n\t\t\t\t\t\t\t\t<\/span><span class=\"ult-adv-heading\" style=\"\">\n\t\t\t\t\t\t\t\t\t<span class=\"ult-dual-adv-heading-text ult-highlight-text ult-responsive\"  data-ultimate-target='.ult-dual-color.ultv-3695 .ult-highlight-text'  data-responsive-json-new='{\"font-size\":\"desktop:30px;\",\"line-height\":\"\"}'  style=\"color:#666666;  text-transform: uppercase;   border:none; font-family:&#039;Montserrat&#039;;font-weight:300;\">with Heat Pump From Waste Heat<\/span>\n\t\t\t\t\t\t\t\t<\/span><\/h3> <\/div><\/div>[vc_separator color=&#8221;custom&#8221; align=&#8221;align_left&#8221; border_width=&#8221;7&#8243; el_width=&#8221;10&#8243; accent_color=&#8221;#c8d400&#8243;][vc_empty_space][\/vc_column][\/vc_row][vc_row][vc_column][vc_column_text]The direction of heat flow in nature is from a high-temperature environment to a low-temperature environment. This flow takes place as a law of nature without any effort. However, contrary to the flow, it is necessary to spend energy to provide heat flow from the low-temperature environment to the high-temperature environment. The machines that do this job are called heat pumps.<\/p>\n<p>When the entire heat recovery potential is evaluated in the company, the energy obtained may be excessive. In this case, excess energy may have to be thrown again. Instead, the energy gained from the system by using a heat pump can be used in hot water production.<\/p>\n<p>As \u00d6zl\u00fc M\u00fchendislik, our R&amp;D studies on the production of hot water from waste heat with a heat pump continue.[\/vc_column_text][\/vc_column][\/vc_row]<\/p>\n","protected":false},"excerpt":{"rendered":"<p>[vc_row][vc_column][vc_separator color=&#8221;custom&#8221; align=&#8221;align_left&#8221; border_width=&#8221;7&#8243; el_width=&#8221;10&#8243; accent_color=&#8221;#c8d400&#8243;][vc_empty_space][\/vc_column][\/vc_row][vc_row][vc_column][vc_column_text]The direction of heat flow in nature is from a high-temperature environment to a low-temperature environment. This flow takes place as a law of nature without any effort. However, contrary to the flow, it is necessary to spend energy to provide heat flow from the low-temperature environment to the high-temperature&hellip;<\/p>\n","protected":false},"author":1,"featured_media":0,"parent":0,"menu_order":0,"comment_status":"closed","ping_status":"closed","template":"template-microsite.php","meta":{"_monsterinsights_skip_tracking":false,"_monsterinsights_sitenote_active":false,"_monsterinsights_sitenote_note":"","_monsterinsights_sitenote_category":0,"footnotes":""},"class_list":["post-604","page","type-page","status-publish","hentry","description-off"],"yoast_head":"<!-- This site is optimized with the Yoast SEO plugin v27.1.1 - https:\/\/yoast.com\/product\/yoast-seo-wordpress\/ -->\n<title>Hot Water \/ Superheated Water Production with Heat Pump From Waste Heat - \u00d6zl\u00fc M\u00fchendislik<\/title>\n<meta name=\"description\" content=\"Is\u0131tma, So\u011futma, Klima, Havaland\u0131rma, Do\u011falgaz, LNG, Bas\u0131n\u00e7l\u0131 Hava, S\u0131hhi Tesisat, Buhar, K\u0131zg\u0131n Ya\u011f, K\u0131zg\u0131n Su, Yang\u0131n Tesisatlar\u0131, Proje\" \/>\n<meta name=\"robots\" content=\"index, follow, max-snippet:-1, max-image-preview:large, max-video-preview:-1\" \/>\n<link rel=\"canonical\" href=\"https:\/\/ozlumuhendislik.com\/en\/hot-water-superheated-water-production-with-heat-pump-from-waste-heat\/\" \/>\n<meta property=\"og:locale\" content=\"en_US\" \/>\n<meta property=\"og:type\" content=\"article\" \/>\n<meta property=\"og:title\" content=\"Hot Water \/ Superheated Water Production with Heat Pump From Waste Heat - \u00d6zl\u00fc M\u00fchendislik\" \/>\n<meta property=\"og:description\" content=\"Is\u0131tma, So\u011futma, Klima, Havaland\u0131rma, Do\u011falgaz, LNG, Bas\u0131n\u00e7l\u0131 Hava, S\u0131hhi Tesisat, Buhar, K\u0131zg\u0131n Ya\u011f, K\u0131zg\u0131n Su, Yang\u0131n Tesisatlar\u0131, Proje\" \/>\n<meta property=\"og:url\" content=\"https:\/\/ozlumuhendislik.com\/en\/hot-water-superheated-water-production-with-heat-pump-from-waste-heat\/\" \/>\n<meta property=\"og:site_name\" content=\"\u00d6zl\u00fc M\u00fchendislik\" \/>\n<meta property=\"article:publisher\" content=\"https:\/\/www.facebook.com\/ozlu.muhendislik\" \/>\n<meta property=\"article:modified_time\" content=\"2023-06-01T19:50:38+00:00\" \/>\n<meta property=\"og:image\" content=\"https:\/\/ozlumuhendislik.com\/wp-content\/uploads\/2022\/08\/logo95.png\" \/>\n\t<meta property=\"og:image:width\" content=\"191\" \/>\n\t<meta property=\"og:image:height\" content=\"95\" \/>\n\t<meta property=\"og:image:type\" content=\"image\/png\" \/>\n<meta name=\"twitter:card\" content=\"summary_large_image\" \/>\n<meta name=\"twitter:label1\" content=\"Est. reading time\" \/>\n\t<meta name=\"twitter:data1\" content=\"1 minute\" \/>\n<script type=\"application\/ld+json\" class=\"yoast-schema-graph\">{\"@context\":\"https:\/\/schema.org\",\"@graph\":[{\"@type\":\"WebPage\",\"@id\":\"https:\/\/ozlumuhendislik.com\/en\/hot-water-superheated-water-production-with-heat-pump-from-waste-heat\/\",\"url\":\"https:\/\/ozlumuhendislik.com\/en\/hot-water-superheated-water-production-with-heat-pump-from-waste-heat\/\",\"name\":\"Hot Water \/ Superheated Water Production with Heat Pump From Waste Heat - \u00d6zl\u00fc M\u00fchendislik\",\"isPartOf\":{\"@id\":\"https:\/\/ozlumuhendislik.com\/#website\"},\"datePublished\":\"2022-09-04T14:53:15+00:00\",\"dateModified\":\"2023-06-01T19:50:38+00:00\",\"description\":\"Is\u0131tma, So\u011futma, Klima, Havaland\u0131rma, Do\u011falgaz, LNG, Bas\u0131n\u00e7l\u0131 Hava, S\u0131hhi Tesisat, Buhar, K\u0131zg\u0131n Ya\u011f, K\u0131zg\u0131n Su, Yang\u0131n Tesisatlar\u0131, Proje\",\"breadcrumb\":{\"@id\":\"https:\/\/ozlumuhendislik.com\/en\/hot-water-superheated-water-production-with-heat-pump-from-waste-heat\/#breadcrumb\"},\"inLanguage\":\"en-US\",\"potentialAction\":[{\"@type\":\"ReadAction\",\"target\":[\"https:\/\/ozlumuhendislik.com\/en\/hot-water-superheated-water-production-with-heat-pump-from-waste-heat\/\"]}]},{\"@type\":\"BreadcrumbList\",\"@id\":\"https:\/\/ozlumuhendislik.com\/en\/hot-water-superheated-water-production-with-heat-pump-from-waste-heat\/#breadcrumb\",\"itemListElement\":[{\"@type\":\"ListItem\",\"position\":1,\"name\":\"Home\",\"item\":\"https:\/\/ozlumuhendislik.com\/en\/\"},{\"@type\":\"ListItem\",\"position\":2,\"name\":\"Hot Water \/ Superheated Water Production with Heat Pump From Waste Heat\"}]},{\"@type\":\"WebSite\",\"@id\":\"https:\/\/ozlumuhendislik.com\/#website\",\"url\":\"https:\/\/ozlumuhendislik.com\/\",\"name\":\"\u00d6zl\u00fc M\u00fchendislik\",\"description\":\"Enerji Tasarruf Sistemleri, Enerji Verimlili\u011fi ve Y\u00f6netimi\",\"publisher\":{\"@id\":\"https:\/\/ozlumuhendislik.com\/#organization\"},\"potentialAction\":[{\"@type\":\"SearchAction\",\"target\":{\"@type\":\"EntryPoint\",\"urlTemplate\":\"https:\/\/ozlumuhendislik.com\/?s={search_term_string}\"},\"query-input\":{\"@type\":\"PropertyValueSpecification\",\"valueRequired\":true,\"valueName\":\"search_term_string\"}}],\"inLanguage\":\"en-US\"},{\"@type\":\"Organization\",\"@id\":\"https:\/\/ozlumuhendislik.com\/#organization\",\"name\":\"\u00d6zl\u00fc M\u00fchendislik\",\"alternateName\":\"\u00d6zl\u00fc M\u00fchendislik Proje Taahh\u00fct\",\"url\":\"https:\/\/ozlumuhendislik.com\/\",\"logo\":{\"@type\":\"ImageObject\",\"inLanguage\":\"en-US\",\"@id\":\"https:\/\/ozlumuhendislik.com\/#\/schema\/logo\/image\/\",\"url\":\"https:\/\/ozlumuhendislik.com\/wp-content\/uploads\/2022\/08\/logo95.png\",\"contentUrl\":\"https:\/\/ozlumuhendislik.com\/wp-content\/uploads\/2022\/08\/logo95.png\",\"width\":191,\"height\":95,\"caption\":\"\u00d6zl\u00fc M\u00fchendislik\"},\"image\":{\"@id\":\"https:\/\/ozlumuhendislik.com\/#\/schema\/logo\/image\/\"},\"sameAs\":[\"https:\/\/www.facebook.com\/ozlu.muhendislik\",\"https:\/\/www.instagram.com\/ozlumuhendislik\/\"]}]}<\/script>\n<!-- \/ Yoast SEO plugin. -->","yoast_head_json":{"title":"Hot Water \/ Superheated Water Production with Heat Pump From Waste Heat - \u00d6zl\u00fc M\u00fchendislik","description":"Is\u0131tma, So\u011futma, Klima, Havaland\u0131rma, Do\u011falgaz, LNG, Bas\u0131n\u00e7l\u0131 Hava, S\u0131hhi Tesisat, Buhar, K\u0131zg\u0131n Ya\u011f, K\u0131zg\u0131n Su, Yang\u0131n Tesisatlar\u0131, Proje","robots":{"index":"index","follow":"follow","max-snippet":"max-snippet:-1","max-image-preview":"max-image-preview:large","max-video-preview":"max-video-preview:-1"},"canonical":"https:\/\/ozlumuhendislik.com\/en\/hot-water-superheated-water-production-with-heat-pump-from-waste-heat\/","og_locale":"en_US","og_type":"article","og_title":"Hot Water \/ Superheated Water Production with Heat Pump From Waste Heat - \u00d6zl\u00fc M\u00fchendislik","og_description":"Is\u0131tma, So\u011futma, Klima, Havaland\u0131rma, Do\u011falgaz, LNG, Bas\u0131n\u00e7l\u0131 Hava, S\u0131hhi Tesisat, Buhar, K\u0131zg\u0131n Ya\u011f, K\u0131zg\u0131n Su, Yang\u0131n Tesisatlar\u0131, Proje","og_url":"https:\/\/ozlumuhendislik.com\/en\/hot-water-superheated-water-production-with-heat-pump-from-waste-heat\/","og_site_name":"\u00d6zl\u00fc M\u00fchendislik","article_publisher":"https:\/\/www.facebook.com\/ozlu.muhendislik","article_modified_time":"2023-06-01T19:50:38+00:00","og_image":[{"width":191,"height":95,"url":"https:\/\/ozlumuhendislik.com\/wp-content\/uploads\/2022\/08\/logo95.png","type":"image\/png"}],"twitter_card":"summary_large_image","twitter_misc":{"Est. reading time":"1 minute"},"schema":{"@context":"https:\/\/schema.org","@graph":[{"@type":"WebPage","@id":"https:\/\/ozlumuhendislik.com\/en\/hot-water-superheated-water-production-with-heat-pump-from-waste-heat\/","url":"https:\/\/ozlumuhendislik.com\/en\/hot-water-superheated-water-production-with-heat-pump-from-waste-heat\/","name":"Hot Water \/ Superheated Water Production with Heat Pump From Waste Heat - \u00d6zl\u00fc M\u00fchendislik","isPartOf":{"@id":"https:\/\/ozlumuhendislik.com\/#website"},"datePublished":"2022-09-04T14:53:15+00:00","dateModified":"2023-06-01T19:50:38+00:00","description":"Is\u0131tma, So\u011futma, Klima, Havaland\u0131rma, Do\u011falgaz, LNG, Bas\u0131n\u00e7l\u0131 Hava, S\u0131hhi Tesisat, Buhar, K\u0131zg\u0131n Ya\u011f, K\u0131zg\u0131n Su, Yang\u0131n Tesisatlar\u0131, Proje","breadcrumb":{"@id":"https:\/\/ozlumuhendislik.com\/en\/hot-water-superheated-water-production-with-heat-pump-from-waste-heat\/#breadcrumb"},"inLanguage":"en-US","potentialAction":[{"@type":"ReadAction","target":["https:\/\/ozlumuhendislik.com\/en\/hot-water-superheated-water-production-with-heat-pump-from-waste-heat\/"]}]},{"@type":"BreadcrumbList","@id":"https:\/\/ozlumuhendislik.com\/en\/hot-water-superheated-water-production-with-heat-pump-from-waste-heat\/#breadcrumb","itemListElement":[{"@type":"ListItem","position":1,"name":"Home","item":"https:\/\/ozlumuhendislik.com\/en\/"},{"@type":"ListItem","position":2,"name":"Hot Water \/ Superheated Water Production with Heat Pump From Waste Heat"}]},{"@type":"WebSite","@id":"https:\/\/ozlumuhendislik.com\/#website","url":"https:\/\/ozlumuhendislik.com\/","name":"\u00d6zl\u00fc M\u00fchendislik","description":"Enerji Tasarruf Sistemleri, Enerji Verimlili\u011fi ve Y\u00f6netimi","publisher":{"@id":"https:\/\/ozlumuhendislik.com\/#organization"},"potentialAction":[{"@type":"SearchAction","target":{"@type":"EntryPoint","urlTemplate":"https:\/\/ozlumuhendislik.com\/?s={search_term_string}"},"query-input":{"@type":"PropertyValueSpecification","valueRequired":true,"valueName":"search_term_string"}}],"inLanguage":"en-US"},{"@type":"Organization","@id":"https:\/\/ozlumuhendislik.com\/#organization","name":"\u00d6zl\u00fc M\u00fchendislik","alternateName":"\u00d6zl\u00fc M\u00fchendislik Proje Taahh\u00fct","url":"https:\/\/ozlumuhendislik.com\/","logo":{"@type":"ImageObject","inLanguage":"en-US","@id":"https:\/\/ozlumuhendislik.com\/#\/schema\/logo\/image\/","url":"https:\/\/ozlumuhendislik.com\/wp-content\/uploads\/2022\/08\/logo95.png","contentUrl":"https:\/\/ozlumuhendislik.com\/wp-content\/uploads\/2022\/08\/logo95.png","width":191,"height":95,"caption":"\u00d6zl\u00fc M\u00fchendislik"},"image":{"@id":"https:\/\/ozlumuhendislik.com\/#\/schema\/logo\/image\/"},"sameAs":["https:\/\/www.facebook.com\/ozlu.muhendislik","https:\/\/www.instagram.com\/ozlumuhendislik\/"]}]}},"_links":{"self":[{"href":"https:\/\/ozlumuhendislik.com\/en\/wp-json\/wp\/v2\/pages\/604","targetHints":{"allow":["GET"]}}],"collection":[{"href":"https:\/\/ozlumuhendislik.com\/en\/wp-json\/wp\/v2\/pages"}],"about":[{"href":"https:\/\/ozlumuhendislik.com\/en\/wp-json\/wp\/v2\/types\/page"}],"author":[{"embeddable":true,"href":"https:\/\/ozlumuhendislik.com\/en\/wp-json\/wp\/v2\/users\/1"}],"replies":[{"embeddable":true,"href":"https:\/\/ozlumuhendislik.com\/en\/wp-json\/wp\/v2\/comments?post=604"}],"version-history":[{"count":1,"href":"https:\/\/ozlumuhendislik.com\/en\/wp-json\/wp\/v2\/pages\/604\/revisions"}],"predecessor-version":[{"id":605,"href":"https:\/\/ozlumuhendislik.com\/en\/wp-json\/wp\/v2\/pages\/604\/revisions\/605"}],"wp:attachment":[{"href":"https:\/\/ozlumuhendislik.com\/en\/wp-json\/wp\/v2\/media?parent=604"}],"curies":[{"name":"wp","href":"https:\/\/api.w.org\/{rel}","templated":true}]}}