{"id":596,"date":"2022-09-04T14:22:37","date_gmt":"2022-09-04T14:22:37","guid":{"rendered":"https:\/\/ozlumuhendislik.com\/kompresor-isi-geri-kazanimi\/"},"modified":"2023-06-01T19:44:42","modified_gmt":"2023-06-01T19:44:42","slug":"compressor-heat-recovery","status":"publish","type":"page","link":"https:\/\/ozlumuhendislik.com\/en\/compressor-heat-recovery\/","title":{"rendered":"Compressor Heat Recovery"},"content":{"rendered":"<p>[vc_row][vc_column]<div id=\"ultv-3835\" class=\"ult-dual-color ult-adjust-bottom-margin ult-dual-color-responsive-none ultv-3835  \"><div class=\"ult-module-content ult-dual-color-heading\" style=\"text-align:left;\">\n\t\t\t\t\t\t<h3><span class=\"ult-before-heading\">\n\t\t\t\t\t\t\t\t\t<span class=\"ult-dual-heading-text ult-first-text ult-responsive\"  data-ultimate-target='.ult-dual-color.ultv-3835 .ult-dual-heading-text'  data-responsive-json-new='{\"font-size\":\"desktop:30px;\",\"line-height\":\"\"}'  style=\"color:#666666;  text-transform: uppercase;   border:none; font-family:&#039;Montserrat&#039;;font-weight:700;\">Compressor <\/span>\n\t\t\t\t\t\t\t\t<\/span><span class=\"ult-adv-heading\" style=\"\">\n\t\t\t\t\t\t\t\t\t<span class=\"ult-dual-adv-heading-text ult-highlight-text ult-responsive\"  data-ultimate-target='.ult-dual-color.ultv-3835 .ult-highlight-text'  data-responsive-json-new='{\"font-size\":\"desktop:30px;\",\"line-height\":\"\"}'  style=\"color:#666666;  text-transform: uppercase;   border:none; font-family:&#039;Montserrat&#039;;font-weight:300;\">HEAT RECOVERY<\/span>\n\t\t\t\t\t\t\t\t<\/span><\/h3> <\/div><\/div>[vc_separator color=&#8221;custom&#8221; align=&#8221;align_left&#8221; border_width=&#8221;7&#8243; el_width=&#8221;10&#8243; accent_color=&#8221;#c8d400&#8243;][vc_empty_space][\/vc_column][\/vc_row][vc_row][vc_column][vc_column_text]<img loading=\"lazy\" decoding=\"async\" class=\" wp-image-221 alignleft\" src=\"https:\/\/ozlumuhendislik.com\/wp-content\/uploads\/2022\/09\/kompresor-geri-kazanim-1024x756.jpg\" alt=\"\" width=\"370\" height=\"273\" srcset=\"https:\/\/ozlumuhendislik.com\/wp-content\/uploads\/2022\/09\/kompresor-geri-kazanim-1024x756.jpg 1024w, https:\/\/ozlumuhendislik.com\/wp-content\/uploads\/2022\/09\/kompresor-geri-kazanim-300x221.jpg 300w, https:\/\/ozlumuhendislik.com\/wp-content\/uploads\/2022\/09\/kompresor-geri-kazanim-768x567.jpg 768w, https:\/\/ozlumuhendislik.com\/wp-content\/uploads\/2022\/09\/kompresor-geri-kazanim.jpg 1490w\" sizes=\"auto, (max-width: 370px) 100vw, 370px\" \/><\/p>\n<p>Most of the electrical energy consumed in the air compressors used in the production of compressed air is converted into heat energy due to the irreversibility that occurs during the compression process. The ratio of heat energy to consumed electrical energy is around 85% and this heat is tried to be thrown away with cooling systems.<\/p>\n<p>The purpose of the compressor heat recovery system is to recover the heat to be discharged from the compressor and reuse it in space heating, domestic water heating, and similar solutions. A compressor heat recovery system works by transferring waste heat to water with a heat exchanger designed in accordance with the amount of waste heat and operating conditions.<\/p>\n<p>Compressor heat recovery systems engineering calculations, design and installation are carried out by \u00d6zl\u00fc M\u00fchendislik. There are many systems installed and working. Due to increasing energy costs, the need for these systems has increased.[\/vc_column_text][vc_column_text]<\/p>\n<table style=\"width: 100%; height: 203px;\" width=\"100%\">\n<tbody>\n<tr style=\"height: 22px;\">\n<th style=\"height: 45px; width: 99.3307%; background-color: #1fadff; text-align: center;\" colspan=\"4\" width=\"100%\"><span style=\"color: #ffffff;\"><strong>ENERGY CALCULATION OF HEAT RECOVERY SYSTEMS FROM COMPRESSOR<\/strong><\/span><\/th>\n<\/tr>\n<tr style=\"height: 22px;\">\n<td style=\"height: 22px; width: 72.5391%; background-color: #f7f7f7;\" colspan=\"3\" width=\"193\">COMPRESSOR POWER<\/td>\n<td style=\"height: 22px; width: 26.7916%; background-color: #f7f7f7;\" width=\"69\">55 kW<\/td>\n<\/tr>\n<tr style=\"height: 22px;\">\n<td style=\"height: 22px; width: 72.5391%;\" colspan=\"3\" width=\"193\">COMPRESSOR HEAT ENERGY RATIO<\/td>\n<td style=\"height: 22px; width: 26.7916%;\" width=\"69\">%85<\/td>\n<\/tr>\n<tr style=\"height: 22px;\">\n<td style=\"height: 22px; width: 72.5391%; background-color: #f7f7f7;\" colspan=\"3\" width=\"193\">COMPRESSOR HEAT ENERGY CAPACITY<\/td>\n<td style=\"height: 22px; width: 26.7916%; background-color: #f7f7f7;\" width=\"69\">46 kW<\/td>\n<\/tr>\n<tr style=\"height: 22px;\">\n<td style=\"height: 22px; width: 72.5391%;\" colspan=\"3\" width=\"193\">AMOUNT OF HEAT GAINED<\/td>\n<td style=\"height: 22px; width: 26.7916%;\" width=\"69\">39000 kcal\/h<\/td>\n<\/tr>\n<tr style=\"height: 26px;\">\n<td style=\"height: 26px; width: 72.5391%; background-color: #f7f7f7;\" colspan=\"3\" width=\"193\">NATURAL GAS SAVE PER HOUR<\/td>\n<td style=\"height: 26px; width: 26.7916%; background-color: #f7f7f7;\" width=\"69\">4,80 m<sup>3<\/sup>\/h<\/td>\n<\/tr>\n<tr style=\"height: 22px;\">\n<td style=\"height: 22px; width: 99.3307%;\" colspan=\"4\" width=\"331\">ALSO, IT IS SAVING ELECTRICITY, BECAUSE THE FAN WILL NOT WORK FOR OIL COOLING IN THE COMPRESSOR.<\/td>\n<\/tr>\n<tr style=\"height: 22px;\">\n<td style=\"height: 22px; width: 99.3307%; background-color: #f7f7f7;\" colspan=\"4\" width=\"331\">\u00a0INITIAL INVESTMENT COST AND NATURAL GAS UNIT PRICES SHOULD BE TAKEN INTO ACCOUNT FOR DEPRECIATION CALCULATION.<\/td>\n<\/tr>\n<\/tbody>\n<\/table>\n<p>[\/vc_column_text][\/vc_column][\/vc_row]<\/p>\n","protected":false},"excerpt":{"rendered":"<p>[vc_row][vc_column][vc_separator color=&#8221;custom&#8221; align=&#8221;align_left&#8221; border_width=&#8221;7&#8243; el_width=&#8221;10&#8243; accent_color=&#8221;#c8d400&#8243;][vc_empty_space][\/vc_column][\/vc_row][vc_row][vc_column][vc_column_text] Most of the electrical energy consumed in the air compressors used in the production of compressed air is converted into heat energy due to the irreversibility that occurs during the compression process. The ratio of heat energy to consumed electrical energy is around 85% and this heat is tried&hellip;<\/p>\n","protected":false},"author":1,"featured_media":0,"parent":0,"menu_order":0,"comment_status":"closed","ping_status":"closed","template":"template-microsite.php","meta":{"_monsterinsights_skip_tracking":false,"_monsterinsights_sitenote_active":false,"_monsterinsights_sitenote_note":"","_monsterinsights_sitenote_category":0,"footnotes":""},"class_list":["post-596","page","type-page","status-publish","hentry","description-off"],"yoast_head":"<!-- This site is optimized with the Yoast SEO plugin v27.1.1 - https:\/\/yoast.com\/product\/yoast-seo-wordpress\/ -->\n<title>Compressor Heat Recovery - \u00d6zl\u00fc M\u00fchendislik<\/title>\n<meta name=\"description\" content=\"Is\u0131tma, So\u011futma, Klima, Havaland\u0131rma, Do\u011falgaz, LNG, Bas\u0131n\u00e7l\u0131 Hava, S\u0131hhi Tesisat, Buhar, K\u0131zg\u0131n Ya\u011f, K\u0131zg\u0131n Su, Yang\u0131n Tesisatlar\u0131, Proje\" \/>\n<meta name=\"robots\" content=\"index, follow, max-snippet:-1, max-image-preview:large, max-video-preview:-1\" \/>\n<link rel=\"canonical\" href=\"https:\/\/ozlumuhendislik.com\/en\/compressor-heat-recovery\/\" \/>\n<meta property=\"og:locale\" content=\"en_US\" \/>\n<meta property=\"og:type\" content=\"article\" \/>\n<meta property=\"og:title\" content=\"Compressor Heat Recovery - \u00d6zl\u00fc M\u00fchendislik\" \/>\n<meta property=\"og:description\" content=\"Is\u0131tma, So\u011futma, Klima, Havaland\u0131rma, Do\u011falgaz, LNG, Bas\u0131n\u00e7l\u0131 Hava, S\u0131hhi Tesisat, Buhar, K\u0131zg\u0131n Ya\u011f, K\u0131zg\u0131n Su, Yang\u0131n Tesisatlar\u0131, Proje\" \/>\n<meta property=\"og:url\" content=\"https:\/\/ozlumuhendislik.com\/en\/compressor-heat-recovery\/\" \/>\n<meta property=\"og:site_name\" content=\"\u00d6zl\u00fc M\u00fchendislik\" \/>\n<meta property=\"article:publisher\" content=\"https:\/\/www.facebook.com\/ozlu.muhendislik\" \/>\n<meta property=\"article:modified_time\" content=\"2023-06-01T19:44:42+00:00\" \/>\n<meta property=\"og:image\" content=\"https:\/\/ozlumuhendislik.com\/wp-content\/uploads\/2022\/09\/kompresor-geri-kazanim-1024x756.jpg\" \/>\n<meta name=\"twitter:card\" content=\"summary_large_image\" \/>\n<meta name=\"twitter:label1\" content=\"Est. reading time\" \/>\n\t<meta name=\"twitter:data1\" content=\"2 minutes\" \/>\n<script type=\"application\/ld+json\" class=\"yoast-schema-graph\">{\"@context\":\"https:\/\/schema.org\",\"@graph\":[{\"@type\":\"WebPage\",\"@id\":\"https:\/\/ozlumuhendislik.com\/en\/compressor-heat-recovery\/\",\"url\":\"https:\/\/ozlumuhendislik.com\/en\/compressor-heat-recovery\/\",\"name\":\"Compressor Heat Recovery - \u00d6zl\u00fc M\u00fchendislik\",\"isPartOf\":{\"@id\":\"https:\/\/ozlumuhendislik.com\/#website\"},\"primaryImageOfPage\":{\"@id\":\"https:\/\/ozlumuhendislik.com\/en\/compressor-heat-recovery\/#primaryimage\"},\"image\":{\"@id\":\"https:\/\/ozlumuhendislik.com\/en\/compressor-heat-recovery\/#primaryimage\"},\"thumbnailUrl\":\"https:\/\/ozlumuhendislik.com\/wp-content\/uploads\/2022\/09\/kompresor-geri-kazanim-1024x756.jpg\",\"datePublished\":\"2022-09-04T14:22:37+00:00\",\"dateModified\":\"2023-06-01T19:44:42+00:00\",\"description\":\"Is\u0131tma, So\u011futma, Klima, Havaland\u0131rma, Do\u011falgaz, LNG, Bas\u0131n\u00e7l\u0131 Hava, S\u0131hhi Tesisat, Buhar, K\u0131zg\u0131n Ya\u011f, K\u0131zg\u0131n Su, Yang\u0131n Tesisatlar\u0131, Proje\",\"breadcrumb\":{\"@id\":\"https:\/\/ozlumuhendislik.com\/en\/compressor-heat-recovery\/#breadcrumb\"},\"inLanguage\":\"en-US\",\"potentialAction\":[{\"@type\":\"ReadAction\",\"target\":[\"https:\/\/ozlumuhendislik.com\/en\/compressor-heat-recovery\/\"]}]},{\"@type\":\"ImageObject\",\"inLanguage\":\"en-US\",\"@id\":\"https:\/\/ozlumuhendislik.com\/en\/compressor-heat-recovery\/#primaryimage\",\"url\":\"https:\/\/ozlumuhendislik.com\/wp-content\/uploads\/2022\/09\/kompresor-geri-kazanim-1024x756.jpg\",\"contentUrl\":\"https:\/\/ozlumuhendislik.com\/wp-content\/uploads\/2022\/09\/kompresor-geri-kazanim-1024x756.jpg\"},{\"@type\":\"BreadcrumbList\",\"@id\":\"https:\/\/ozlumuhendislik.com\/en\/compressor-heat-recovery\/#breadcrumb\",\"itemListElement\":[{\"@type\":\"ListItem\",\"position\":1,\"name\":\"Home\",\"item\":\"https:\/\/ozlumuhendislik.com\/en\/\"},{\"@type\":\"ListItem\",\"position\":2,\"name\":\"Compressor Heat Recovery\"}]},{\"@type\":\"WebSite\",\"@id\":\"https:\/\/ozlumuhendislik.com\/#website\",\"url\":\"https:\/\/ozlumuhendislik.com\/\",\"name\":\"\u00d6zl\u00fc M\u00fchendislik\",\"description\":\"Enerji Tasarruf Sistemleri, Enerji Verimlili\u011fi ve Y\u00f6netimi\",\"publisher\":{\"@id\":\"https:\/\/ozlumuhendislik.com\/#organization\"},\"potentialAction\":[{\"@type\":\"SearchAction\",\"target\":{\"@type\":\"EntryPoint\",\"urlTemplate\":\"https:\/\/ozlumuhendislik.com\/?s={search_term_string}\"},\"query-input\":{\"@type\":\"PropertyValueSpecification\",\"valueRequired\":true,\"valueName\":\"search_term_string\"}}],\"inLanguage\":\"en-US\"},{\"@type\":\"Organization\",\"@id\":\"https:\/\/ozlumuhendislik.com\/#organization\",\"name\":\"\u00d6zl\u00fc M\u00fchendislik\",\"alternateName\":\"\u00d6zl\u00fc M\u00fchendislik Proje Taahh\u00fct\",\"url\":\"https:\/\/ozlumuhendislik.com\/\",\"logo\":{\"@type\":\"ImageObject\",\"inLanguage\":\"en-US\",\"@id\":\"https:\/\/ozlumuhendislik.com\/#\/schema\/logo\/image\/\",\"url\":\"https:\/\/ozlumuhendislik.com\/wp-content\/uploads\/2022\/08\/logo95.png\",\"contentUrl\":\"https:\/\/ozlumuhendislik.com\/wp-content\/uploads\/2022\/08\/logo95.png\",\"width\":191,\"height\":95,\"caption\":\"\u00d6zl\u00fc M\u00fchendislik\"},\"image\":{\"@id\":\"https:\/\/ozlumuhendislik.com\/#\/schema\/logo\/image\/\"},\"sameAs\":[\"https:\/\/www.facebook.com\/ozlu.muhendislik\",\"https:\/\/www.instagram.com\/ozlumuhendislik\/\"]}]}<\/script>\n<!-- \/ Yoast SEO plugin. -->","yoast_head_json":{"title":"Compressor Heat Recovery - \u00d6zl\u00fc M\u00fchendislik","description":"Is\u0131tma, So\u011futma, Klima, Havaland\u0131rma, Do\u011falgaz, LNG, Bas\u0131n\u00e7l\u0131 Hava, S\u0131hhi Tesisat, Buhar, K\u0131zg\u0131n Ya\u011f, K\u0131zg\u0131n Su, Yang\u0131n Tesisatlar\u0131, Proje","robots":{"index":"index","follow":"follow","max-snippet":"max-snippet:-1","max-image-preview":"max-image-preview:large","max-video-preview":"max-video-preview:-1"},"canonical":"https:\/\/ozlumuhendislik.com\/en\/compressor-heat-recovery\/","og_locale":"en_US","og_type":"article","og_title":"Compressor Heat Recovery - \u00d6zl\u00fc M\u00fchendislik","og_description":"Is\u0131tma, So\u011futma, Klima, Havaland\u0131rma, Do\u011falgaz, LNG, Bas\u0131n\u00e7l\u0131 Hava, S\u0131hhi Tesisat, Buhar, K\u0131zg\u0131n Ya\u011f, K\u0131zg\u0131n Su, Yang\u0131n Tesisatlar\u0131, Proje","og_url":"https:\/\/ozlumuhendislik.com\/en\/compressor-heat-recovery\/","og_site_name":"\u00d6zl\u00fc M\u00fchendislik","article_publisher":"https:\/\/www.facebook.com\/ozlu.muhendislik","article_modified_time":"2023-06-01T19:44:42+00:00","og_image":[{"url":"https:\/\/ozlumuhendislik.com\/wp-content\/uploads\/2022\/09\/kompresor-geri-kazanim-1024x756.jpg","type":"","width":"","height":""}],"twitter_card":"summary_large_image","twitter_misc":{"Est. reading time":"2 minutes"},"schema":{"@context":"https:\/\/schema.org","@graph":[{"@type":"WebPage","@id":"https:\/\/ozlumuhendislik.com\/en\/compressor-heat-recovery\/","url":"https:\/\/ozlumuhendislik.com\/en\/compressor-heat-recovery\/","name":"Compressor Heat Recovery - \u00d6zl\u00fc M\u00fchendislik","isPartOf":{"@id":"https:\/\/ozlumuhendislik.com\/#website"},"primaryImageOfPage":{"@id":"https:\/\/ozlumuhendislik.com\/en\/compressor-heat-recovery\/#primaryimage"},"image":{"@id":"https:\/\/ozlumuhendislik.com\/en\/compressor-heat-recovery\/#primaryimage"},"thumbnailUrl":"https:\/\/ozlumuhendislik.com\/wp-content\/uploads\/2022\/09\/kompresor-geri-kazanim-1024x756.jpg","datePublished":"2022-09-04T14:22:37+00:00","dateModified":"2023-06-01T19:44:42+00:00","description":"Is\u0131tma, So\u011futma, Klima, Havaland\u0131rma, Do\u011falgaz, LNG, Bas\u0131n\u00e7l\u0131 Hava, S\u0131hhi Tesisat, Buhar, K\u0131zg\u0131n Ya\u011f, K\u0131zg\u0131n Su, Yang\u0131n Tesisatlar\u0131, Proje","breadcrumb":{"@id":"https:\/\/ozlumuhendislik.com\/en\/compressor-heat-recovery\/#breadcrumb"},"inLanguage":"en-US","potentialAction":[{"@type":"ReadAction","target":["https:\/\/ozlumuhendislik.com\/en\/compressor-heat-recovery\/"]}]},{"@type":"ImageObject","inLanguage":"en-US","@id":"https:\/\/ozlumuhendislik.com\/en\/compressor-heat-recovery\/#primaryimage","url":"https:\/\/ozlumuhendislik.com\/wp-content\/uploads\/2022\/09\/kompresor-geri-kazanim-1024x756.jpg","contentUrl":"https:\/\/ozlumuhendislik.com\/wp-content\/uploads\/2022\/09\/kompresor-geri-kazanim-1024x756.jpg"},{"@type":"BreadcrumbList","@id":"https:\/\/ozlumuhendislik.com\/en\/compressor-heat-recovery\/#breadcrumb","itemListElement":[{"@type":"ListItem","position":1,"name":"Home","item":"https:\/\/ozlumuhendislik.com\/en\/"},{"@type":"ListItem","position":2,"name":"Compressor Heat Recovery"}]},{"@type":"WebSite","@id":"https:\/\/ozlumuhendislik.com\/#website","url":"https:\/\/ozlumuhendislik.com\/","name":"\u00d6zl\u00fc M\u00fchendislik","description":"Enerji Tasarruf Sistemleri, Enerji Verimlili\u011fi ve Y\u00f6netimi","publisher":{"@id":"https:\/\/ozlumuhendislik.com\/#organization"},"potentialAction":[{"@type":"SearchAction","target":{"@type":"EntryPoint","urlTemplate":"https:\/\/ozlumuhendislik.com\/?s={search_term_string}"},"query-input":{"@type":"PropertyValueSpecification","valueRequired":true,"valueName":"search_term_string"}}],"inLanguage":"en-US"},{"@type":"Organization","@id":"https:\/\/ozlumuhendislik.com\/#organization","name":"\u00d6zl\u00fc M\u00fchendislik","alternateName":"\u00d6zl\u00fc M\u00fchendislik Proje Taahh\u00fct","url":"https:\/\/ozlumuhendislik.com\/","logo":{"@type":"ImageObject","inLanguage":"en-US","@id":"https:\/\/ozlumuhendislik.com\/#\/schema\/logo\/image\/","url":"https:\/\/ozlumuhendislik.com\/wp-content\/uploads\/2022\/08\/logo95.png","contentUrl":"https:\/\/ozlumuhendislik.com\/wp-content\/uploads\/2022\/08\/logo95.png","width":191,"height":95,"caption":"\u00d6zl\u00fc M\u00fchendislik"},"image":{"@id":"https:\/\/ozlumuhendislik.com\/#\/schema\/logo\/image\/"},"sameAs":["https:\/\/www.facebook.com\/ozlu.muhendislik","https:\/\/www.instagram.com\/ozlumuhendislik\/"]}]}},"_links":{"self":[{"href":"https:\/\/ozlumuhendislik.com\/en\/wp-json\/wp\/v2\/pages\/596","targetHints":{"allow":["GET"]}}],"collection":[{"href":"https:\/\/ozlumuhendislik.com\/en\/wp-json\/wp\/v2\/pages"}],"about":[{"href":"https:\/\/ozlumuhendislik.com\/en\/wp-json\/wp\/v2\/types\/page"}],"author":[{"embeddable":true,"href":"https:\/\/ozlumuhendislik.com\/en\/wp-json\/wp\/v2\/users\/1"}],"replies":[{"embeddable":true,"href":"https:\/\/ozlumuhendislik.com\/en\/wp-json\/wp\/v2\/comments?post=596"}],"version-history":[{"count":2,"href":"https:\/\/ozlumuhendislik.com\/en\/wp-json\/wp\/v2\/pages\/596\/revisions"}],"predecessor-version":[{"id":600,"href":"https:\/\/ozlumuhendislik.com\/en\/wp-json\/wp\/v2\/pages\/596\/revisions\/600"}],"wp:attachment":[{"href":"https:\/\/ozlumuhendislik.com\/en\/wp-json\/wp\/v2\/media?parent=596"}],"curies":[{"name":"wp","href":"https:\/\/api.w.org\/{rel}","templated":true}]}}