{"id":579,"date":"2023-02-12T19:48:14","date_gmt":"2023-02-12T19:48:14","guid":{"rendered":"https:\/\/ozlumuhendislik.com\/elektrostatik-filtre\/"},"modified":"2024-03-28T17:28:01","modified_gmt":"2024-03-28T17:28:01","slug":"electrostatic-filter","status":"publish","type":"page","link":"https:\/\/ozlumuhendislik.com\/en\/electrostatic-filter\/","title":{"rendered":"Electrostatic Filter"},"content":{"rendered":"<p>[vc_row][vc_column][vc_empty_space]<div id=\"ultv-6989\" class=\"ult-dual-color ult-adjust-bottom-margin ult-dual-color-responsive-none ultv-6989  \"><div class=\"ult-module-content ult-dual-color-heading\" style=\"text-align:left;\">\n\t\t\t\t\t\t<h3><span class=\"ult-before-heading\">\n\t\t\t\t\t\t\t\t\t<span class=\"ult-dual-heading-text ult-first-text ult-responsive\"  data-ultimate-target='.ult-dual-color.ultv-6989 .ult-dual-heading-text'  data-responsive-json-new='{\"font-size\":\"desktop:30px;\",\"line-height\":\"\"}'  style=\"color:#666666;     border:none; font-family:&#039;Montserrat&#039;;font-weight:700;\">ELECTROSTATIC<\/span>\n\t\t\t\t\t\t\t\t<\/span><span class=\"ult-adv-heading\" style=\"\">\n\t\t\t\t\t\t\t\t\t<span class=\"ult-dual-adv-heading-text ult-highlight-text ult-responsive\"  data-ultimate-target='.ult-dual-color.ultv-6989 .ult-highlight-text'  data-responsive-json-new='{\"font-size\":\"desktop:30px;\",\"line-height\":\"\"}'  style=\"color:#666666;     border:none; font-family:&#039;Montserrat&#039;;font-weight:300;\">FILTER<\/span>\n\t\t\t\t\t\t\t\t<\/span><\/h3> <\/div><\/div>[vc_separator color=&#8221;custom&#8221; align=&#8221;align_left&#8221; border_width=&#8221;7&#8243; el_width=&#8221;10&#8243; accent_color=&#8221;#c8d400&#8243;][vc_empty_space][vc_column_text]<\/p>\n<div id=\"attachment_137\" style=\"width: 391px\" class=\"wp-caption alignright\"><img loading=\"lazy\" decoding=\"async\" aria-describedby=\"caption-attachment-137\" class=\"wp-image-137\" src=\"https:\/\/ozlumuhendislik.com\/wp-content\/uploads\/2022\/08\/Ekran-Resmi-2022-08-29-10.04.37.jpg\" alt=\"Elektrostatik Filtre\" width=\"381\" height=\"386\" srcset=\"https:\/\/ozlumuhendislik.com\/wp-content\/uploads\/2022\/08\/Ekran-Resmi-2022-08-29-10.04.37.jpg 772w, https:\/\/ozlumuhendislik.com\/wp-content\/uploads\/2022\/08\/Ekran-Resmi-2022-08-29-10.04.37-296x300.jpg 296w, https:\/\/ozlumuhendislik.com\/wp-content\/uploads\/2022\/08\/Ekran-Resmi-2022-08-29-10.04.37-768x778.jpg 768w, https:\/\/ozlumuhendislik.com\/wp-content\/uploads\/2022\/08\/Ekran-Resmi-2022-08-29-10.04.37-100x100.jpg 100w\" sizes=\"auto, (max-width: 381px) 100vw, 381px\" \/><p id=\"caption-attachment-137\" class=\"wp-caption-text\">Electrostatic Filter<\/p><\/div>\n<p>Stenter machines have to oil vapor, volatile organic compound (VOC-TOC) and odor emission. The exhaust gas, whose temperature is lowered by heat recovery units, is sent to an electrostatic filter. In the electrostatic filter, the exhaust gas is ionized by being exposed to high voltage. Then, as it passes through plates with opposite charges, pollutants are captured and filtered out. As a result; oil vapor, volatile organic compounds (VOC-TOC) and odor particles are filtered.<\/p>\n<p>The unit has an automatic washing system that activates when it is time to wash without requiring any operator intervention. The frequency of washing varies depending on the working hours and process density.<\/p>\n<p>qq : <a href=\"https:\/\/ozlumuhendislik.com\/en\/filter-systems-for-stenter-machine\/\">Stenter Filter<\/a>.[\/vc_column_text][\/vc_column][\/vc_row]<\/p>\n","protected":false},"excerpt":{"rendered":"<p>[vc_row][vc_column][vc_empty_space][vc_separator color=&#8221;custom&#8221; align=&#8221;align_left&#8221; border_width=&#8221;7&#8243; el_width=&#8221;10&#8243; accent_color=&#8221;#c8d400&#8243;][vc_empty_space][vc_column_text] Stenter machines have to oil vapor, volatile organic compound (VOC-TOC) and odor emission. The exhaust gas, whose temperature is lowered by heat recovery units, is sent to an electrostatic filter. In the electrostatic filter, the exhaust gas is ionized by being exposed to high voltage. Then, as it passes&hellip;<\/p>\n","protected":false},"author":1,"featured_media":580,"parent":0,"menu_order":0,"comment_status":"closed","ping_status":"closed","template":"template-microsite.php","meta":{"_monsterinsights_skip_tracking":false,"_monsterinsights_sitenote_active":false,"_monsterinsights_sitenote_note":"","_monsterinsights_sitenote_category":0,"footnotes":""},"class_list":["post-579","page","type-page","status-publish","has-post-thumbnail","hentry","description-off"],"yoast_head":"<!-- This site is optimized with the Yoast SEO plugin v27.1.1 - https:\/\/yoast.com\/product\/yoast-seo-wordpress\/ -->\n<title>Electrostatic Filter - \u00d6zl\u00fc M\u00fchendislik<\/title>\n<meta name=\"description\" content=\"Elektrostatik Filtre Is\u0131tma, So\u011futma, Klima, Havaland\u0131rma, Do\u011falgaz, LNG, Bas\u0131n\u00e7l\u0131 Hava, S\u0131hhi Tesisat, Buhar, K\u0131zg\u0131n Ya\u011f, K\u0131zg\u0131n Su\" \/>\n<meta name=\"robots\" content=\"index, follow, max-snippet:-1, max-image-preview:large, max-video-preview:-1\" \/>\n<link rel=\"canonical\" href=\"https:\/\/ozlumuhendislik.com\/en\/electrostatic-filter\/\" \/>\n<meta property=\"og:locale\" content=\"en_US\" \/>\n<meta property=\"og:type\" content=\"article\" \/>\n<meta property=\"og:title\" content=\"Electrostatic Filter - \u00d6zl\u00fc M\u00fchendislik\" \/>\n<meta property=\"og:description\" content=\"Elektrostatik Filtre Is\u0131tma, So\u011futma, Klima, Havaland\u0131rma, Do\u011falgaz, LNG, Bas\u0131n\u00e7l\u0131 Hava, S\u0131hhi Tesisat, Buhar, K\u0131zg\u0131n Ya\u011f, K\u0131zg\u0131n Su\" \/>\n<meta property=\"og:url\" content=\"https:\/\/ozlumuhendislik.com\/en\/electrostatic-filter\/\" \/>\n<meta property=\"og:site_name\" content=\"\u00d6zl\u00fc M\u00fchendislik\" \/>\n<meta property=\"article:publisher\" content=\"https:\/\/www.facebook.com\/ozlu.muhendislik\" \/>\n<meta property=\"article:modified_time\" content=\"2024-03-28T17:28:01+00:00\" \/>\n<meta property=\"og:image\" content=\"https:\/\/ozlumuhendislik.com\/wp-content\/uploads\/2022\/08\/Ekran-Resmi-2022-08-29-10.04.37.jpg\" \/>\n\t<meta property=\"og:image:width\" content=\"772\" \/>\n\t<meta property=\"og:image:height\" content=\"782\" \/>\n\t<meta property=\"og:image:type\" content=\"image\/jpeg\" \/>\n<meta name=\"twitter:card\" content=\"summary_large_image\" \/>\n<meta name=\"twitter:label1\" content=\"Est. reading time\" \/>\n\t<meta name=\"twitter:data1\" content=\"2 minutes\" \/>\n<script type=\"application\/ld+json\" class=\"yoast-schema-graph\">{\"@context\":\"https:\/\/schema.org\",\"@graph\":[{\"@type\":\"WebPage\",\"@id\":\"https:\/\/ozlumuhendislik.com\/en\/electrostatic-filter\/\",\"url\":\"https:\/\/ozlumuhendislik.com\/en\/electrostatic-filter\/\",\"name\":\"Electrostatic Filter - \u00d6zl\u00fc M\u00fchendislik\",\"isPartOf\":{\"@id\":\"https:\/\/ozlumuhendislik.com\/#website\"},\"primaryImageOfPage\":{\"@id\":\"https:\/\/ozlumuhendislik.com\/en\/electrostatic-filter\/#primaryimage\"},\"image\":{\"@id\":\"https:\/\/ozlumuhendislik.com\/en\/electrostatic-filter\/#primaryimage\"},\"thumbnailUrl\":\"https:\/\/ozlumuhendislik.com\/wp-content\/uploads\/2022\/08\/Ekran-Resmi-2022-08-29-10.04.37.jpg\",\"datePublished\":\"2023-02-12T19:48:14+00:00\",\"dateModified\":\"2024-03-28T17:28:01+00:00\",\"description\":\"Elektrostatik Filtre Is\u0131tma, So\u011futma, Klima, Havaland\u0131rma, Do\u011falgaz, LNG, Bas\u0131n\u00e7l\u0131 Hava, S\u0131hhi Tesisat, Buhar, K\u0131zg\u0131n Ya\u011f, K\u0131zg\u0131n Su\",\"breadcrumb\":{\"@id\":\"https:\/\/ozlumuhendislik.com\/en\/electrostatic-filter\/#breadcrumb\"},\"inLanguage\":\"en-US\",\"potentialAction\":[{\"@type\":\"ReadAction\",\"target\":[\"https:\/\/ozlumuhendislik.com\/en\/electrostatic-filter\/\"]}]},{\"@type\":\"ImageObject\",\"inLanguage\":\"en-US\",\"@id\":\"https:\/\/ozlumuhendislik.com\/en\/electrostatic-filter\/#primaryimage\",\"url\":\"https:\/\/ozlumuhendislik.com\/wp-content\/uploads\/2022\/08\/Ekran-Resmi-2022-08-29-10.04.37.jpg\",\"contentUrl\":\"https:\/\/ozlumuhendislik.com\/wp-content\/uploads\/2022\/08\/Ekran-Resmi-2022-08-29-10.04.37.jpg\",\"width\":772,\"height\":782},{\"@type\":\"BreadcrumbList\",\"@id\":\"https:\/\/ozlumuhendislik.com\/en\/electrostatic-filter\/#breadcrumb\",\"itemListElement\":[{\"@type\":\"ListItem\",\"position\":1,\"name\":\"Home\",\"item\":\"https:\/\/ozlumuhendislik.com\/en\/\"},{\"@type\":\"ListItem\",\"position\":2,\"name\":\"Electrostatic Filter\"}]},{\"@type\":\"WebSite\",\"@id\":\"https:\/\/ozlumuhendislik.com\/#website\",\"url\":\"https:\/\/ozlumuhendislik.com\/\",\"name\":\"\u00d6zl\u00fc M\u00fchendislik\",\"description\":\"Enerji Tasarruf Sistemleri, Enerji Verimlili\u011fi ve Y\u00f6netimi\",\"publisher\":{\"@id\":\"https:\/\/ozlumuhendislik.com\/#organization\"},\"potentialAction\":[{\"@type\":\"SearchAction\",\"target\":{\"@type\":\"EntryPoint\",\"urlTemplate\":\"https:\/\/ozlumuhendislik.com\/?s={search_term_string}\"},\"query-input\":{\"@type\":\"PropertyValueSpecification\",\"valueRequired\":true,\"valueName\":\"search_term_string\"}}],\"inLanguage\":\"en-US\"},{\"@type\":\"Organization\",\"@id\":\"https:\/\/ozlumuhendislik.com\/#organization\",\"name\":\"\u00d6zl\u00fc M\u00fchendislik\",\"alternateName\":\"\u00d6zl\u00fc M\u00fchendislik Proje Taahh\u00fct\",\"url\":\"https:\/\/ozlumuhendislik.com\/\",\"logo\":{\"@type\":\"ImageObject\",\"inLanguage\":\"en-US\",\"@id\":\"https:\/\/ozlumuhendislik.com\/#\/schema\/logo\/image\/\",\"url\":\"https:\/\/ozlumuhendislik.com\/wp-content\/uploads\/2022\/08\/logo95.png\",\"contentUrl\":\"https:\/\/ozlumuhendislik.com\/wp-content\/uploads\/2022\/08\/logo95.png\",\"width\":191,\"height\":95,\"caption\":\"\u00d6zl\u00fc M\u00fchendislik\"},\"image\":{\"@id\":\"https:\/\/ozlumuhendislik.com\/#\/schema\/logo\/image\/\"},\"sameAs\":[\"https:\/\/www.facebook.com\/ozlu.muhendislik\",\"https:\/\/www.instagram.com\/ozlumuhendislik\/\"]}]}<\/script>\n<!-- \/ Yoast SEO plugin. -->","yoast_head_json":{"title":"Electrostatic Filter - \u00d6zl\u00fc M\u00fchendislik","description":"Elektrostatik Filtre Is\u0131tma, So\u011futma, Klima, Havaland\u0131rma, Do\u011falgaz, LNG, Bas\u0131n\u00e7l\u0131 Hava, S\u0131hhi Tesisat, Buhar, K\u0131zg\u0131n Ya\u011f, K\u0131zg\u0131n Su","robots":{"index":"index","follow":"follow","max-snippet":"max-snippet:-1","max-image-preview":"max-image-preview:large","max-video-preview":"max-video-preview:-1"},"canonical":"https:\/\/ozlumuhendislik.com\/en\/electrostatic-filter\/","og_locale":"en_US","og_type":"article","og_title":"Electrostatic Filter - \u00d6zl\u00fc M\u00fchendislik","og_description":"Elektrostatik Filtre Is\u0131tma, So\u011futma, Klima, Havaland\u0131rma, Do\u011falgaz, LNG, Bas\u0131n\u00e7l\u0131 Hava, S\u0131hhi Tesisat, Buhar, K\u0131zg\u0131n Ya\u011f, K\u0131zg\u0131n Su","og_url":"https:\/\/ozlumuhendislik.com\/en\/electrostatic-filter\/","og_site_name":"\u00d6zl\u00fc M\u00fchendislik","article_publisher":"https:\/\/www.facebook.com\/ozlu.muhendislik","article_modified_time":"2024-03-28T17:28:01+00:00","og_image":[{"width":772,"height":782,"url":"https:\/\/ozlumuhendislik.com\/wp-content\/uploads\/2022\/08\/Ekran-Resmi-2022-08-29-10.04.37.jpg","type":"image\/jpeg"}],"twitter_card":"summary_large_image","twitter_misc":{"Est. reading time":"2 minutes"},"schema":{"@context":"https:\/\/schema.org","@graph":[{"@type":"WebPage","@id":"https:\/\/ozlumuhendislik.com\/en\/electrostatic-filter\/","url":"https:\/\/ozlumuhendislik.com\/en\/electrostatic-filter\/","name":"Electrostatic Filter - \u00d6zl\u00fc M\u00fchendislik","isPartOf":{"@id":"https:\/\/ozlumuhendislik.com\/#website"},"primaryImageOfPage":{"@id":"https:\/\/ozlumuhendislik.com\/en\/electrostatic-filter\/#primaryimage"},"image":{"@id":"https:\/\/ozlumuhendislik.com\/en\/electrostatic-filter\/#primaryimage"},"thumbnailUrl":"https:\/\/ozlumuhendislik.com\/wp-content\/uploads\/2022\/08\/Ekran-Resmi-2022-08-29-10.04.37.jpg","datePublished":"2023-02-12T19:48:14+00:00","dateModified":"2024-03-28T17:28:01+00:00","description":"Elektrostatik Filtre Is\u0131tma, So\u011futma, Klima, Havaland\u0131rma, Do\u011falgaz, LNG, Bas\u0131n\u00e7l\u0131 Hava, S\u0131hhi Tesisat, Buhar, K\u0131zg\u0131n Ya\u011f, K\u0131zg\u0131n Su","breadcrumb":{"@id":"https:\/\/ozlumuhendislik.com\/en\/electrostatic-filter\/#breadcrumb"},"inLanguage":"en-US","potentialAction":[{"@type":"ReadAction","target":["https:\/\/ozlumuhendislik.com\/en\/electrostatic-filter\/"]}]},{"@type":"ImageObject","inLanguage":"en-US","@id":"https:\/\/ozlumuhendislik.com\/en\/electrostatic-filter\/#primaryimage","url":"https:\/\/ozlumuhendislik.com\/wp-content\/uploads\/2022\/08\/Ekran-Resmi-2022-08-29-10.04.37.jpg","contentUrl":"https:\/\/ozlumuhendislik.com\/wp-content\/uploads\/2022\/08\/Ekran-Resmi-2022-08-29-10.04.37.jpg","width":772,"height":782},{"@type":"BreadcrumbList","@id":"https:\/\/ozlumuhendislik.com\/en\/electrostatic-filter\/#breadcrumb","itemListElement":[{"@type":"ListItem","position":1,"name":"Home","item":"https:\/\/ozlumuhendislik.com\/en\/"},{"@type":"ListItem","position":2,"name":"Electrostatic Filter"}]},{"@type":"WebSite","@id":"https:\/\/ozlumuhendislik.com\/#website","url":"https:\/\/ozlumuhendislik.com\/","name":"\u00d6zl\u00fc M\u00fchendislik","description":"Enerji Tasarruf Sistemleri, Enerji Verimlili\u011fi ve Y\u00f6netimi","publisher":{"@id":"https:\/\/ozlumuhendislik.com\/#organization"},"potentialAction":[{"@type":"SearchAction","target":{"@type":"EntryPoint","urlTemplate":"https:\/\/ozlumuhendislik.com\/?s={search_term_string}"},"query-input":{"@type":"PropertyValueSpecification","valueRequired":true,"valueName":"search_term_string"}}],"inLanguage":"en-US"},{"@type":"Organization","@id":"https:\/\/ozlumuhendislik.com\/#organization","name":"\u00d6zl\u00fc M\u00fchendislik","alternateName":"\u00d6zl\u00fc M\u00fchendislik Proje Taahh\u00fct","url":"https:\/\/ozlumuhendislik.com\/","logo":{"@type":"ImageObject","inLanguage":"en-US","@id":"https:\/\/ozlumuhendislik.com\/#\/schema\/logo\/image\/","url":"https:\/\/ozlumuhendislik.com\/wp-content\/uploads\/2022\/08\/logo95.png","contentUrl":"https:\/\/ozlumuhendislik.com\/wp-content\/uploads\/2022\/08\/logo95.png","width":191,"height":95,"caption":"\u00d6zl\u00fc M\u00fchendislik"},"image":{"@id":"https:\/\/ozlumuhendislik.com\/#\/schema\/logo\/image\/"},"sameAs":["https:\/\/www.facebook.com\/ozlu.muhendislik","https:\/\/www.instagram.com\/ozlumuhendislik\/"]}]}},"_links":{"self":[{"href":"https:\/\/ozlumuhendislik.com\/en\/wp-json\/wp\/v2\/pages\/579","targetHints":{"allow":["GET"]}}],"collection":[{"href":"https:\/\/ozlumuhendislik.com\/en\/wp-json\/wp\/v2\/pages"}],"about":[{"href":"https:\/\/ozlumuhendislik.com\/en\/wp-json\/wp\/v2\/types\/page"}],"author":[{"embeddable":true,"href":"https:\/\/ozlumuhendislik.com\/en\/wp-json\/wp\/v2\/users\/1"}],"replies":[{"embeddable":true,"href":"https:\/\/ozlumuhendislik.com\/en\/wp-json\/wp\/v2\/comments?post=579"}],"version-history":[{"count":3,"href":"https:\/\/ozlumuhendislik.com\/en\/wp-json\/wp\/v2\/pages\/579\/revisions"}],"predecessor-version":[{"id":1409,"href":"https:\/\/ozlumuhendislik.com\/en\/wp-json\/wp\/v2\/pages\/579\/revisions\/1409"}],"wp:featuredmedia":[{"embeddable":true,"href":"https:\/\/ozlumuhendislik.com\/en\/wp-json\/wp\/v2\/media\/580"}],"wp:attachment":[{"href":"https:\/\/ozlumuhendislik.com\/en\/wp-json\/wp\/v2\/media?parent=579"}],"curies":[{"name":"wp","href":"https:\/\/api.w.org\/{rel}","templated":true}]}}