{"id":1538,"date":"2025-03-17T09:13:27","date_gmt":"2025-03-17T09:13:27","guid":{"rendered":"https:\/\/ozlumuhendislik.com\/?page_id=1538"},"modified":"2025-03-17T11:52:40","modified_gmt":"2025-03-17T11:52:40","slug":"flotte-waters-recovery","status":"publish","type":"page","link":"https:\/\/ozlumuhendislik.com\/en\/flotte-waters-recovery\/","title":{"rendered":"FLOTTE WATERS RECOVERY"},"content":{"rendered":"<p>[vc_row][vc_column][vc_empty_space]<div id=\"ultv-9143\" class=\"ult-dual-color ult-adjust-bottom-margin ult-dual-color-responsive-none ultv-9143  \"><div class=\"ult-module-content ult-dual-color-heading\" style=\"text-align:left;\">\n\t\t\t\t\t\t<h3><span class=\"ult-before-heading\">\n\t\t\t\t\t\t\t\t\t<span class=\"ult-dual-heading-text ult-first-text ult-responsive\"  data-ultimate-target='.ult-dual-color.ultv-9143 .ult-dual-heading-text'  data-responsive-json-new='{\"font-size\":\"desktop:30px;\",\"line-height\":\"\"}'  style=\"color:#666666;     border:none; font-family:&#039;Montserrat&#039;;font-weight:700;\">FLOTTE WATERS<\/span>\n\t\t\t\t\t\t\t\t<\/span><span class=\"ult-adv-heading\" style=\"\">\n\t\t\t\t\t\t\t\t\t<span class=\"ult-dual-adv-heading-text ult-highlight-text ult-responsive\"  data-ultimate-target='.ult-dual-color.ultv-9143 .ult-highlight-text'  data-responsive-json-new='{\"font-size\":\"desktop:30px;\",\"line-height\":\"\"}'  style=\"color:#666666;     border:none; font-family:&#039;Montserrat&#039;;font-weight:300;\">RECOVERY<\/span>\n\t\t\t\t\t\t\t\t<\/span><\/h3> <\/div><\/div>[vc_separator color=&#8221;custom&#8221; align=&#8221;align_left&#8221; border_width=&#8221;7&#8243; el_width=&#8221;10&#8243; accent_color=&#8221;#c8d400&#8243;][vc_empty_space][vc_column_text]<\/p>\n<pre class=\"tw-data-text tw-text-large tw-ta\" dir=\"ltr\" data-placeholder=\"\u00c7eviri\" data-ved=\"2ahUKEwiw0cn005CMAxVVSfEDHfpWBawQ3ewLegQICxAV\" aria-label=\"\u00c7evrilmi\u015f metin: Innovative Solutions for Flotte Water Recycling In today's world where water resources are gradually decreasing, the recycling of water used in industrial processes is of great importance. Our company assumes a leading role in the sector with its long-standing experience and expert staff in the recycling of wastewater generated in flotation processes. We Work for a Sustainable Future Our company, which acts with an environmentally sensitive and sustainable production approach, contributes to the protection of the environment and helps businesses reduce their water costs with flotation water recycling projects.\"><span class=\"Y2IQFc\" lang=\"en\" style=\"font-family: arial, helvetica, sans-serif;\">\u00a0<\/span><\/pre>\n<div id=\"attachment_1503\" style=\"width: 310px\" class=\"wp-caption alignleft\"><img loading=\"lazy\" decoding=\"async\" aria-describedby=\"caption-attachment-1503\" class=\"size-medium wp-image-1503\" src=\"https:\/\/ozlumuhendislik.com\/wp-content\/uploads\/2025\/03\/Flotte-Su-Geri-Kazanim-Sistemleri.pdf-4252-x-4252-piksel-300x300.png\" alt=\"flotte \" width=\"300\" height=\"300\" srcset=\"https:\/\/ozlumuhendislik.com\/wp-content\/uploads\/2025\/03\/Flotte-Su-Geri-Kazanim-Sistemleri.pdf-4252-x-4252-piksel-300x300.png 300w, https:\/\/ozlumuhendislik.com\/wp-content\/uploads\/2025\/03\/Flotte-Su-Geri-Kazanim-Sistemleri.pdf-4252-x-4252-piksel-1024x1024.png 1024w, https:\/\/ozlumuhendislik.com\/wp-content\/uploads\/2025\/03\/Flotte-Su-Geri-Kazanim-Sistemleri.pdf-4252-x-4252-piksel-150x150.png 150w, https:\/\/ozlumuhendislik.com\/wp-content\/uploads\/2025\/03\/Flotte-Su-Geri-Kazanim-Sistemleri.pdf-4252-x-4252-piksel-768x768.png 768w, https:\/\/ozlumuhendislik.com\/wp-content\/uploads\/2025\/03\/Flotte-Su-Geri-Kazanim-Sistemleri.pdf-4252-x-4252-piksel-1536x1536.png 1536w, https:\/\/ozlumuhendislik.com\/wp-content\/uploads\/2025\/03\/Flotte-Su-Geri-Kazanim-Sistemleri.pdf-4252-x-4252-piksel-2048x2048.png 2048w, https:\/\/ozlumuhendislik.com\/wp-content\/uploads\/2025\/03\/Flotte-Su-Geri-Kazanim-Sistemleri.pdf-4252-x-4252-piksel-100x100.png 100w\" sizes=\"auto, (max-width: 300px) 100vw, 300px\" \/><p id=\"caption-attachment-1503\" class=\"wp-caption-text\"><span style=\"font-family: arial, helvetica, sans-serif;\">flotte suyu<\/span><\/p><\/div>\n<p><span class=\"Y2IQFc\" lang=\"en\" style=\"font-family: arial, helvetica, sans-serif;\">Innovative Solutions for Flotte W<span style=\"color: #111111; font-size: 14px;\">ater Recycling<\/span><\/span><\/p>\n<p><span class=\"Y2IQFc\" lang=\"en\" style=\"font-family: arial, helvetica, sans-serif;\"> In today&#8217;s world where water resources are gradually decreasing, the recycling of water used in industrial processes is of great importance. Our company assumes a leading role in the sector with its long-standing experience and expert staff in the recycling of wastewater generated in flotation processes. We Work for a Sustainable Future Our company, which acts with an environmentally sensitive and sustainable production approach, contributes to the protection of the environment and helps businesses reduce their water costs with flotation water recycling projects.<\/span>[\/vc_column_text][\/vc_column][\/vc_row]<\/p>\n","protected":false},"excerpt":{"rendered":"<p>[vc_row][vc_column][vc_empty_space][vc_separator color=&#8221;custom&#8221; align=&#8221;align_left&#8221; border_width=&#8221;7&#8243; el_width=&#8221;10&#8243; accent_color=&#8221;#c8d400&#8243;][vc_empty_space][vc_column_text] \u00a0 Innovative Solutions for Flotte Water Recycling In today&#8217;s world where water resources are gradually decreasing, the recycling of water used in industrial processes is of great importance. Our company assumes a leading role in the sector with its long-standing experience and expert staff in the recycling of wastewater&hellip;<\/p>\n","protected":false},"author":7,"featured_media":580,"parent":0,"menu_order":0,"comment_status":"closed","ping_status":"closed","template":"template-microsite.php","meta":{"_monsterinsights_skip_tracking":false,"_monsterinsights_sitenote_active":false,"_monsterinsights_sitenote_note":"","_monsterinsights_sitenote_category":0,"footnotes":""},"class_list":["post-1538","page","type-page","status-publish","has-post-thumbnail","hentry","description-off"],"yoast_head":"<!-- This site is optimized with the Yoast SEO plugin v27.1.1 - https:\/\/yoast.com\/product\/yoast-seo-wordpress\/ -->\n<title>FLOTTE WATERS RECOVERY - \u00d6zl\u00fc M\u00fchendislik<\/title>\n<meta name=\"description\" content=\"Elektrostatik Filtre Is\u0131tma, So\u011futma, Klima, Havaland\u0131rma, Do\u011falgaz, LNG, Bas\u0131n\u00e7l\u0131 Hava, S\u0131hhi Tesisat, Buhar, K\u0131zg\u0131n Ya\u011f, K\u0131zg\u0131n Su\" \/>\n<meta name=\"robots\" content=\"index, follow, max-snippet:-1, max-image-preview:large, max-video-preview:-1\" \/>\n<link rel=\"canonical\" href=\"https:\/\/ozlumuhendislik.com\/en\/flotte-waters-recovery\/\" \/>\n<meta property=\"og:locale\" content=\"en_US\" \/>\n<meta property=\"og:type\" content=\"article\" \/>\n<meta property=\"og:title\" content=\"FLOTTE WATERS RECOVERY - \u00d6zl\u00fc M\u00fchendislik\" \/>\n<meta property=\"og:description\" content=\"Elektrostatik Filtre Is\u0131tma, So\u011futma, Klima, Havaland\u0131rma, Do\u011falgaz, LNG, Bas\u0131n\u00e7l\u0131 Hava, S\u0131hhi Tesisat, Buhar, K\u0131zg\u0131n Ya\u011f, K\u0131zg\u0131n Su\" \/>\n<meta property=\"og:url\" content=\"https:\/\/ozlumuhendislik.com\/en\/flotte-waters-recovery\/\" \/>\n<meta property=\"og:site_name\" content=\"\u00d6zl\u00fc M\u00fchendislik\" \/>\n<meta property=\"article:publisher\" content=\"https:\/\/www.facebook.com\/ozlu.muhendislik\" \/>\n<meta property=\"article:modified_time\" content=\"2025-03-17T11:52:40+00:00\" \/>\n<meta property=\"og:image\" content=\"https:\/\/ozlumuhendislik.com\/wp-content\/uploads\/2022\/08\/Ekran-Resmi-2022-08-29-10.04.37.jpg\" \/>\n\t<meta property=\"og:image:width\" content=\"772\" \/>\n\t<meta property=\"og:image:height\" content=\"782\" \/>\n\t<meta property=\"og:image:type\" content=\"image\/jpeg\" \/>\n<meta name=\"twitter:card\" content=\"summary_large_image\" \/>\n<meta name=\"twitter:label1\" content=\"Est. reading time\" \/>\n\t<meta name=\"twitter:data1\" content=\"2 minutes\" \/>\n<script type=\"application\/ld+json\" class=\"yoast-schema-graph\">{\"@context\":\"https:\/\/schema.org\",\"@graph\":[{\"@type\":\"WebPage\",\"@id\":\"https:\/\/ozlumuhendislik.com\/en\/flotte-waters-recovery\/\",\"url\":\"https:\/\/ozlumuhendislik.com\/en\/flotte-waters-recovery\/\",\"name\":\"FLOTTE WATERS RECOVERY - \u00d6zl\u00fc M\u00fchendislik\",\"isPartOf\":{\"@id\":\"https:\/\/ozlumuhendislik.com\/#website\"},\"primaryImageOfPage\":{\"@id\":\"https:\/\/ozlumuhendislik.com\/en\/flotte-waters-recovery\/#primaryimage\"},\"image\":{\"@id\":\"https:\/\/ozlumuhendislik.com\/en\/flotte-waters-recovery\/#primaryimage\"},\"thumbnailUrl\":\"https:\/\/ozlumuhendislik.com\/wp-content\/uploads\/2022\/08\/Ekran-Resmi-2022-08-29-10.04.37.jpg\",\"datePublished\":\"2025-03-17T09:13:27+00:00\",\"dateModified\":\"2025-03-17T11:52:40+00:00\",\"description\":\"Elektrostatik Filtre Is\u0131tma, So\u011futma, Klima, Havaland\u0131rma, Do\u011falgaz, LNG, Bas\u0131n\u00e7l\u0131 Hava, S\u0131hhi Tesisat, Buhar, K\u0131zg\u0131n Ya\u011f, K\u0131zg\u0131n Su\",\"breadcrumb\":{\"@id\":\"https:\/\/ozlumuhendislik.com\/en\/flotte-waters-recovery\/#breadcrumb\"},\"inLanguage\":\"en-US\",\"potentialAction\":[{\"@type\":\"ReadAction\",\"target\":[\"https:\/\/ozlumuhendislik.com\/en\/flotte-waters-recovery\/\"]}]},{\"@type\":\"ImageObject\",\"inLanguage\":\"en-US\",\"@id\":\"https:\/\/ozlumuhendislik.com\/en\/flotte-waters-recovery\/#primaryimage\",\"url\":\"https:\/\/ozlumuhendislik.com\/wp-content\/uploads\/2022\/08\/Ekran-Resmi-2022-08-29-10.04.37.jpg\",\"contentUrl\":\"https:\/\/ozlumuhendislik.com\/wp-content\/uploads\/2022\/08\/Ekran-Resmi-2022-08-29-10.04.37.jpg\",\"width\":772,\"height\":782},{\"@type\":\"BreadcrumbList\",\"@id\":\"https:\/\/ozlumuhendislik.com\/en\/flotte-waters-recovery\/#breadcrumb\",\"itemListElement\":[{\"@type\":\"ListItem\",\"position\":1,\"name\":\"Home\",\"item\":\"https:\/\/ozlumuhendislik.com\/en\/\"},{\"@type\":\"ListItem\",\"position\":2,\"name\":\"FLOTTE WATERS RECOVERY\"}]},{\"@type\":\"WebSite\",\"@id\":\"https:\/\/ozlumuhendislik.com\/#website\",\"url\":\"https:\/\/ozlumuhendislik.com\/\",\"name\":\"\u00d6zl\u00fc M\u00fchendislik\",\"description\":\"Enerji Tasarruf Sistemleri, Enerji Verimlili\u011fi ve Y\u00f6netimi\",\"publisher\":{\"@id\":\"https:\/\/ozlumuhendislik.com\/#organization\"},\"potentialAction\":[{\"@type\":\"SearchAction\",\"target\":{\"@type\":\"EntryPoint\",\"urlTemplate\":\"https:\/\/ozlumuhendislik.com\/?s={search_term_string}\"},\"query-input\":{\"@type\":\"PropertyValueSpecification\",\"valueRequired\":true,\"valueName\":\"search_term_string\"}}],\"inLanguage\":\"en-US\"},{\"@type\":\"Organization\",\"@id\":\"https:\/\/ozlumuhendislik.com\/#organization\",\"name\":\"\u00d6zl\u00fc M\u00fchendislik\",\"alternateName\":\"\u00d6zl\u00fc M\u00fchendislik Proje Taahh\u00fct\",\"url\":\"https:\/\/ozlumuhendislik.com\/\",\"logo\":{\"@type\":\"ImageObject\",\"inLanguage\":\"en-US\",\"@id\":\"https:\/\/ozlumuhendislik.com\/#\/schema\/logo\/image\/\",\"url\":\"https:\/\/ozlumuhendislik.com\/wp-content\/uploads\/2022\/08\/logo95.png\",\"contentUrl\":\"https:\/\/ozlumuhendislik.com\/wp-content\/uploads\/2022\/08\/logo95.png\",\"width\":191,\"height\":95,\"caption\":\"\u00d6zl\u00fc M\u00fchendislik\"},\"image\":{\"@id\":\"https:\/\/ozlumuhendislik.com\/#\/schema\/logo\/image\/\"},\"sameAs\":[\"https:\/\/www.facebook.com\/ozlu.muhendislik\",\"https:\/\/www.instagram.com\/ozlumuhendislik\/\"]}]}<\/script>\n<!-- \/ Yoast SEO plugin. -->","yoast_head_json":{"title":"FLOTTE WATERS RECOVERY - \u00d6zl\u00fc M\u00fchendislik","description":"Elektrostatik Filtre Is\u0131tma, So\u011futma, Klima, Havaland\u0131rma, Do\u011falgaz, LNG, Bas\u0131n\u00e7l\u0131 Hava, S\u0131hhi Tesisat, Buhar, K\u0131zg\u0131n Ya\u011f, K\u0131zg\u0131n Su","robots":{"index":"index","follow":"follow","max-snippet":"max-snippet:-1","max-image-preview":"max-image-preview:large","max-video-preview":"max-video-preview:-1"},"canonical":"https:\/\/ozlumuhendislik.com\/en\/flotte-waters-recovery\/","og_locale":"en_US","og_type":"article","og_title":"FLOTTE WATERS RECOVERY - \u00d6zl\u00fc M\u00fchendislik","og_description":"Elektrostatik Filtre Is\u0131tma, So\u011futma, Klima, Havaland\u0131rma, Do\u011falgaz, LNG, Bas\u0131n\u00e7l\u0131 Hava, S\u0131hhi Tesisat, Buhar, K\u0131zg\u0131n Ya\u011f, K\u0131zg\u0131n Su","og_url":"https:\/\/ozlumuhendislik.com\/en\/flotte-waters-recovery\/","og_site_name":"\u00d6zl\u00fc M\u00fchendislik","article_publisher":"https:\/\/www.facebook.com\/ozlu.muhendislik","article_modified_time":"2025-03-17T11:52:40+00:00","og_image":[{"width":772,"height":782,"url":"https:\/\/ozlumuhendislik.com\/wp-content\/uploads\/2022\/08\/Ekran-Resmi-2022-08-29-10.04.37.jpg","type":"image\/jpeg"}],"twitter_card":"summary_large_image","twitter_misc":{"Est. reading time":"2 minutes"},"schema":{"@context":"https:\/\/schema.org","@graph":[{"@type":"WebPage","@id":"https:\/\/ozlumuhendislik.com\/en\/flotte-waters-recovery\/","url":"https:\/\/ozlumuhendislik.com\/en\/flotte-waters-recovery\/","name":"FLOTTE WATERS RECOVERY - \u00d6zl\u00fc M\u00fchendislik","isPartOf":{"@id":"https:\/\/ozlumuhendislik.com\/#website"},"primaryImageOfPage":{"@id":"https:\/\/ozlumuhendislik.com\/en\/flotte-waters-recovery\/#primaryimage"},"image":{"@id":"https:\/\/ozlumuhendislik.com\/en\/flotte-waters-recovery\/#primaryimage"},"thumbnailUrl":"https:\/\/ozlumuhendislik.com\/wp-content\/uploads\/2022\/08\/Ekran-Resmi-2022-08-29-10.04.37.jpg","datePublished":"2025-03-17T09:13:27+00:00","dateModified":"2025-03-17T11:52:40+00:00","description":"Elektrostatik Filtre Is\u0131tma, So\u011futma, Klima, Havaland\u0131rma, Do\u011falgaz, LNG, Bas\u0131n\u00e7l\u0131 Hava, S\u0131hhi Tesisat, Buhar, K\u0131zg\u0131n Ya\u011f, K\u0131zg\u0131n Su","breadcrumb":{"@id":"https:\/\/ozlumuhendislik.com\/en\/flotte-waters-recovery\/#breadcrumb"},"inLanguage":"en-US","potentialAction":[{"@type":"ReadAction","target":["https:\/\/ozlumuhendislik.com\/en\/flotte-waters-recovery\/"]}]},{"@type":"ImageObject","inLanguage":"en-US","@id":"https:\/\/ozlumuhendislik.com\/en\/flotte-waters-recovery\/#primaryimage","url":"https:\/\/ozlumuhendislik.com\/wp-content\/uploads\/2022\/08\/Ekran-Resmi-2022-08-29-10.04.37.jpg","contentUrl":"https:\/\/ozlumuhendislik.com\/wp-content\/uploads\/2022\/08\/Ekran-Resmi-2022-08-29-10.04.37.jpg","width":772,"height":782},{"@type":"BreadcrumbList","@id":"https:\/\/ozlumuhendislik.com\/en\/flotte-waters-recovery\/#breadcrumb","itemListElement":[{"@type":"ListItem","position":1,"name":"Home","item":"https:\/\/ozlumuhendislik.com\/en\/"},{"@type":"ListItem","position":2,"name":"FLOTTE WATERS RECOVERY"}]},{"@type":"WebSite","@id":"https:\/\/ozlumuhendislik.com\/#website","url":"https:\/\/ozlumuhendislik.com\/","name":"\u00d6zl\u00fc M\u00fchendislik","description":"Enerji Tasarruf Sistemleri, Enerji Verimlili\u011fi ve Y\u00f6netimi","publisher":{"@id":"https:\/\/ozlumuhendislik.com\/#organization"},"potentialAction":[{"@type":"SearchAction","target":{"@type":"EntryPoint","urlTemplate":"https:\/\/ozlumuhendislik.com\/?s={search_term_string}"},"query-input":{"@type":"PropertyValueSpecification","valueRequired":true,"valueName":"search_term_string"}}],"inLanguage":"en-US"},{"@type":"Organization","@id":"https:\/\/ozlumuhendislik.com\/#organization","name":"\u00d6zl\u00fc M\u00fchendislik","alternateName":"\u00d6zl\u00fc M\u00fchendislik Proje Taahh\u00fct","url":"https:\/\/ozlumuhendislik.com\/","logo":{"@type":"ImageObject","inLanguage":"en-US","@id":"https:\/\/ozlumuhendislik.com\/#\/schema\/logo\/image\/","url":"https:\/\/ozlumuhendislik.com\/wp-content\/uploads\/2022\/08\/logo95.png","contentUrl":"https:\/\/ozlumuhendislik.com\/wp-content\/uploads\/2022\/08\/logo95.png","width":191,"height":95,"caption":"\u00d6zl\u00fc M\u00fchendislik"},"image":{"@id":"https:\/\/ozlumuhendislik.com\/#\/schema\/logo\/image\/"},"sameAs":["https:\/\/www.facebook.com\/ozlu.muhendislik","https:\/\/www.instagram.com\/ozlumuhendislik\/"]}]}},"_links":{"self":[{"href":"https:\/\/ozlumuhendislik.com\/en\/wp-json\/wp\/v2\/pages\/1538","targetHints":{"allow":["GET"]}}],"collection":[{"href":"https:\/\/ozlumuhendislik.com\/en\/wp-json\/wp\/v2\/pages"}],"about":[{"href":"https:\/\/ozlumuhendislik.com\/en\/wp-json\/wp\/v2\/types\/page"}],"author":[{"embeddable":true,"href":"https:\/\/ozlumuhendislik.com\/en\/wp-json\/wp\/v2\/users\/7"}],"replies":[{"embeddable":true,"href":"https:\/\/ozlumuhendislik.com\/en\/wp-json\/wp\/v2\/comments?post=1538"}],"version-history":[{"count":5,"href":"https:\/\/ozlumuhendislik.com\/en\/wp-json\/wp\/v2\/pages\/1538\/revisions"}],"predecessor-version":[{"id":1545,"href":"https:\/\/ozlumuhendislik.com\/en\/wp-json\/wp\/v2\/pages\/1538\/revisions\/1545"}],"wp:featuredmedia":[{"embeddable":true,"href":"https:\/\/ozlumuhendislik.com\/en\/wp-json\/wp\/v2\/media\/580"}],"wp:attachment":[{"href":"https:\/\/ozlumuhendislik.com\/en\/wp-json\/wp\/v2\/media?parent=1538"}],"curies":[{"name":"wp","href":"https:\/\/api.w.org\/{rel}","templated":true}]}}