{"id":1533,"date":"2025-03-17T08:27:17","date_gmt":"2025-03-17T08:27:17","guid":{"rendered":"https:\/\/ozlumuhendislik.com\/?page_id=1533"},"modified":"2025-03-17T09:06:40","modified_gmt":"2025-03-17T09:06:40","slug":"filter-and-heat-recovery-systems-for-various-sectors","status":"publish","type":"page","link":"https:\/\/ozlumuhendislik.com\/en\/filter-and-heat-recovery-systems-for-various-sectors\/","title":{"rendered":"FILTER AND HEAT RECOVERY SYSTEMS FOR VARIOUS SECTORS"},"content":{"rendered":"<p>[vc_row][vc_column][vc_empty_space]<div id=\"ultv-1533\" class=\"ult-dual-color ult-adjust-bottom-margin ult-dual-color-responsive-none ultv-1533  \"><div class=\"ult-module-content ult-dual-color-heading\" style=\"text-align:left;\">\n\t\t\t\t\t\t<h3><span class=\"ult-before-heading\">\n\t\t\t\t\t\t\t\t\t<span class=\"ult-dual-heading-text ult-first-text ult-responsive\"  data-ultimate-target='.ult-dual-color.ultv-1533 .ult-dual-heading-text'  data-responsive-json-new='{\"font-size\":\"desktop:30px;\",\"line-height\":\"\"}'  style=\"color:#666666;     border:none; font-family:&#039;Montserrat&#039;;font-weight:700;\"> HEAT RECOVERY SYSTEMS<\/span>\n\t\t\t\t\t\t\t\t<\/span><span class=\"ult-adv-heading\" style=\"\">\n\t\t\t\t\t\t\t\t\t<span class=\"ult-dual-adv-heading-text ult-highlight-text ult-responsive\"  data-ultimate-target='.ult-dual-color.ultv-1533 .ult-highlight-text'  data-responsive-json-new='{\"font-size\":\"desktop:30px;\",\"line-height\":\"\"}'  style=\"color:#666666;     border:none; font-family:&#039;Montserrat&#039;;font-weight:300;\">FILTERS FOR VARIOUS SECTORS AND<\/span>\n\t\t\t\t\t\t\t\t<\/span><\/h3> <\/div><\/div>[vc_separator color=&#8221;custom&#8221; align=&#8221;align_left&#8221; border_width=&#8221;7&#8243; el_width=&#8221;10&#8243; accent_color=&#8221;#c8d400&#8243;][vc_empty_space][vc_column_text]<\/p>\n<pre id=\"tw-target-text\" class=\"tw-data-text tw-text-large tw-ta\" dir=\"ltr\" data-placeholder=\"\u00c7eviri\" data-ved=\"2ahUKEwiw0cn005CMAxVVSfEDHfpWBawQ3ewLegQICxAV\" aria-label=\"\u00c7evrilmi\u015f metin: As \u00d6zl\u00fc Engineering, our work on energy efficiency and environmental sustainability in industrial manufacturing and industrial processes continues unabated. We focus on transferring the knowledge and experience we have gained from our successful RAM\u00d6ZL\u00dc system in the textile sector to the heat recovery and filter systems we have developed for sectors such as iron and steel, cement, plastic recycling, aluminum, coating, rubber, oil, food, automotive, ship, energy and chemistry. We constantly continue our research and development activities to provide the most suitable, innovative and customized solutions for the changing needs of our customers. Our aim is to develop highly efficient and sustainable systems that will help businesses reduce their energy costs while minimizing their environmental impacts. In this direction, we continue our work with determination to produce the most suitable solutions for businesses in sectors with high emission loads and high temperature flue gas release.\"><span class=\"Y2IQFc\" lang=\"en\"><span style=\"font-family: helvetica, arial, sans-serif;\">A<span style=\"font-family: arial, helvetica, sans-serif;\">s \u00d6zl\u00fc Engineering, our work on energy efficiency and environmental sustainability in industrial manufacturing and industrial processes continues unabated. We focus on transferring the knowledge and experience we have gained from our successful\r\n RAM\u00d6ZL\u00dc system in the textile sector to the heat recovery and filter systems we have developed for sectors such as iron and steel, cement, plastic recycling, aluminum, coating, rubber, oil, food, automotive, ship, energy and chemistry.\r\n\r\nWe constantly continue our research and development activities to provide the most suitable, \r\ninnovative and customized solutions for<\/span><\/span><span style=\"font-family: arial, helvetica, sans-serif;\"> the changing needs of our customers. Our aim is to develop highly efficient and sustainable systems that will help businesses reduce their energy costs while minimizing their environmental impacts. In this direction,<\/span>\r\n<span style=\"font-family: arial, helvetica, sans-serif;\">we continue our work with determination to produce the most suitable solutions for businesses in sectors with high emission loads and<\/span> <span style=\"font-family: arial, helvetica, sans-serif;\">high temperature flue gas release<\/span>.<\/span><\/pre>\n<p>[\/vc_column_text][\/vc_column][\/vc_row]<\/p>\n","protected":false},"excerpt":{"rendered":"<p>[vc_row][vc_column][vc_empty_space][vc_separator color=&#8221;custom&#8221; align=&#8221;align_left&#8221; border_width=&#8221;7&#8243; el_width=&#8221;10&#8243; accent_color=&#8221;#c8d400&#8243;][vc_empty_space][vc_column_text] As \u00d6zl\u00fc Engineering, our work on energy efficiency and environmental sustainability in industrial manufacturing and industrial processes continues unabated. We focus on transferring the knowledge and experience we have gained from our successful RAM\u00d6ZL\u00dc system in the textile sector to the heat recovery and filter systems we have developed&hellip;<\/p>\n","protected":false},"author":7,"featured_media":580,"parent":0,"menu_order":0,"comment_status":"closed","ping_status":"closed","template":"template-microsite.php","meta":{"_monsterinsights_skip_tracking":false,"_monsterinsights_sitenote_active":false,"_monsterinsights_sitenote_note":"","_monsterinsights_sitenote_category":0,"footnotes":""},"class_list":["post-1533","page","type-page","status-publish","has-post-thumbnail","hentry","description-off"],"yoast_head":"<!-- This site is optimized with the Yoast SEO plugin v27.1.1 - https:\/\/yoast.com\/product\/yoast-seo-wordpress\/ -->\n<title>FILTER AND HEAT RECOVERY SYSTEMS FOR VARIOUS SECTORS - \u00d6zl\u00fc M\u00fchendislik<\/title>\n<meta name=\"description\" content=\"Elektrostatik Filtre Is\u0131tma, So\u011futma, Klima, Havaland\u0131rma, Do\u011falgaz, LNG, Bas\u0131n\u00e7l\u0131 Hava, S\u0131hhi Tesisat, Buhar, K\u0131zg\u0131n Ya\u011f, K\u0131zg\u0131n Su\" \/>\n<meta name=\"robots\" content=\"index, follow, max-snippet:-1, max-image-preview:large, max-video-preview:-1\" \/>\n<link rel=\"canonical\" href=\"https:\/\/ozlumuhendislik.com\/en\/filter-and-heat-recovery-systems-for-various-sectors\/\" \/>\n<meta property=\"og:locale\" content=\"en_US\" \/>\n<meta property=\"og:type\" content=\"article\" \/>\n<meta property=\"og:title\" content=\"FILTER AND HEAT RECOVERY SYSTEMS FOR VARIOUS SECTORS - \u00d6zl\u00fc M\u00fchendislik\" \/>\n<meta property=\"og:description\" content=\"Elektrostatik Filtre Is\u0131tma, So\u011futma, Klima, Havaland\u0131rma, Do\u011falgaz, LNG, Bas\u0131n\u00e7l\u0131 Hava, S\u0131hhi Tesisat, Buhar, K\u0131zg\u0131n Ya\u011f, K\u0131zg\u0131n Su\" \/>\n<meta property=\"og:url\" content=\"https:\/\/ozlumuhendislik.com\/en\/filter-and-heat-recovery-systems-for-various-sectors\/\" \/>\n<meta property=\"og:site_name\" content=\"\u00d6zl\u00fc M\u00fchendislik\" \/>\n<meta property=\"article:publisher\" content=\"https:\/\/www.facebook.com\/ozlu.muhendislik\" \/>\n<meta property=\"article:modified_time\" content=\"2025-03-17T09:06:40+00:00\" \/>\n<meta property=\"og:image\" content=\"https:\/\/ozlumuhendislik.com\/wp-content\/uploads\/2022\/08\/Ekran-Resmi-2022-08-29-10.04.37.jpg\" \/>\n\t<meta property=\"og:image:width\" content=\"772\" \/>\n\t<meta property=\"og:image:height\" content=\"782\" \/>\n\t<meta property=\"og:image:type\" content=\"image\/jpeg\" \/>\n<meta name=\"twitter:card\" content=\"summary_large_image\" \/>\n<meta name=\"twitter:label1\" content=\"Est. reading time\" \/>\n\t<meta name=\"twitter:data1\" content=\"1 minute\" \/>\n<script type=\"application\/ld+json\" class=\"yoast-schema-graph\">{\"@context\":\"https:\/\/schema.org\",\"@graph\":[{\"@type\":\"WebPage\",\"@id\":\"https:\/\/ozlumuhendislik.com\/en\/filter-and-heat-recovery-systems-for-various-sectors\/\",\"url\":\"https:\/\/ozlumuhendislik.com\/en\/filter-and-heat-recovery-systems-for-various-sectors\/\",\"name\":\"FILTER AND HEAT RECOVERY SYSTEMS FOR VARIOUS SECTORS - \u00d6zl\u00fc M\u00fchendislik\",\"isPartOf\":{\"@id\":\"https:\/\/ozlumuhendislik.com\/#website\"},\"primaryImageOfPage\":{\"@id\":\"https:\/\/ozlumuhendislik.com\/en\/filter-and-heat-recovery-systems-for-various-sectors\/#primaryimage\"},\"image\":{\"@id\":\"https:\/\/ozlumuhendislik.com\/en\/filter-and-heat-recovery-systems-for-various-sectors\/#primaryimage\"},\"thumbnailUrl\":\"https:\/\/ozlumuhendislik.com\/wp-content\/uploads\/2022\/08\/Ekran-Resmi-2022-08-29-10.04.37.jpg\",\"datePublished\":\"2025-03-17T08:27:17+00:00\",\"dateModified\":\"2025-03-17T09:06:40+00:00\",\"description\":\"Elektrostatik Filtre Is\u0131tma, So\u011futma, Klima, Havaland\u0131rma, Do\u011falgaz, LNG, Bas\u0131n\u00e7l\u0131 Hava, S\u0131hhi Tesisat, Buhar, K\u0131zg\u0131n Ya\u011f, K\u0131zg\u0131n Su\",\"breadcrumb\":{\"@id\":\"https:\/\/ozlumuhendislik.com\/en\/filter-and-heat-recovery-systems-for-various-sectors\/#breadcrumb\"},\"inLanguage\":\"en-US\",\"potentialAction\":[{\"@type\":\"ReadAction\",\"target\":[\"https:\/\/ozlumuhendislik.com\/en\/filter-and-heat-recovery-systems-for-various-sectors\/\"]}]},{\"@type\":\"ImageObject\",\"inLanguage\":\"en-US\",\"@id\":\"https:\/\/ozlumuhendislik.com\/en\/filter-and-heat-recovery-systems-for-various-sectors\/#primaryimage\",\"url\":\"https:\/\/ozlumuhendislik.com\/wp-content\/uploads\/2022\/08\/Ekran-Resmi-2022-08-29-10.04.37.jpg\",\"contentUrl\":\"https:\/\/ozlumuhendislik.com\/wp-content\/uploads\/2022\/08\/Ekran-Resmi-2022-08-29-10.04.37.jpg\",\"width\":772,\"height\":782},{\"@type\":\"BreadcrumbList\",\"@id\":\"https:\/\/ozlumuhendislik.com\/en\/filter-and-heat-recovery-systems-for-various-sectors\/#breadcrumb\",\"itemListElement\":[{\"@type\":\"ListItem\",\"position\":1,\"name\":\"Home\",\"item\":\"https:\/\/ozlumuhendislik.com\/en\/\"},{\"@type\":\"ListItem\",\"position\":2,\"name\":\"FILTER AND HEAT RECOVERY SYSTEMS FOR VARIOUS SECTORS\"}]},{\"@type\":\"WebSite\",\"@id\":\"https:\/\/ozlumuhendislik.com\/#website\",\"url\":\"https:\/\/ozlumuhendislik.com\/\",\"name\":\"\u00d6zl\u00fc M\u00fchendislik\",\"description\":\"Enerji Tasarruf Sistemleri, Enerji Verimlili\u011fi ve Y\u00f6netimi\",\"publisher\":{\"@id\":\"https:\/\/ozlumuhendislik.com\/#organization\"},\"potentialAction\":[{\"@type\":\"SearchAction\",\"target\":{\"@type\":\"EntryPoint\",\"urlTemplate\":\"https:\/\/ozlumuhendislik.com\/?s={search_term_string}\"},\"query-input\":{\"@type\":\"PropertyValueSpecification\",\"valueRequired\":true,\"valueName\":\"search_term_string\"}}],\"inLanguage\":\"en-US\"},{\"@type\":\"Organization\",\"@id\":\"https:\/\/ozlumuhendislik.com\/#organization\",\"name\":\"\u00d6zl\u00fc M\u00fchendislik\",\"alternateName\":\"\u00d6zl\u00fc M\u00fchendislik Proje Taahh\u00fct\",\"url\":\"https:\/\/ozlumuhendislik.com\/\",\"logo\":{\"@type\":\"ImageObject\",\"inLanguage\":\"en-US\",\"@id\":\"https:\/\/ozlumuhendislik.com\/#\/schema\/logo\/image\/\",\"url\":\"https:\/\/ozlumuhendislik.com\/wp-content\/uploads\/2022\/08\/logo95.png\",\"contentUrl\":\"https:\/\/ozlumuhendislik.com\/wp-content\/uploads\/2022\/08\/logo95.png\",\"width\":191,\"height\":95,\"caption\":\"\u00d6zl\u00fc M\u00fchendislik\"},\"image\":{\"@id\":\"https:\/\/ozlumuhendislik.com\/#\/schema\/logo\/image\/\"},\"sameAs\":[\"https:\/\/www.facebook.com\/ozlu.muhendislik\",\"https:\/\/www.instagram.com\/ozlumuhendislik\/\"]}]}<\/script>\n<!-- \/ Yoast SEO plugin. -->","yoast_head_json":{"title":"FILTER AND HEAT RECOVERY SYSTEMS FOR VARIOUS SECTORS - \u00d6zl\u00fc M\u00fchendislik","description":"Elektrostatik Filtre Is\u0131tma, So\u011futma, Klima, Havaland\u0131rma, Do\u011falgaz, LNG, Bas\u0131n\u00e7l\u0131 Hava, S\u0131hhi Tesisat, Buhar, K\u0131zg\u0131n Ya\u011f, K\u0131zg\u0131n Su","robots":{"index":"index","follow":"follow","max-snippet":"max-snippet:-1","max-image-preview":"max-image-preview:large","max-video-preview":"max-video-preview:-1"},"canonical":"https:\/\/ozlumuhendislik.com\/en\/filter-and-heat-recovery-systems-for-various-sectors\/","og_locale":"en_US","og_type":"article","og_title":"FILTER AND HEAT RECOVERY SYSTEMS FOR VARIOUS SECTORS - \u00d6zl\u00fc M\u00fchendislik","og_description":"Elektrostatik Filtre Is\u0131tma, So\u011futma, Klima, Havaland\u0131rma, Do\u011falgaz, LNG, Bas\u0131n\u00e7l\u0131 Hava, S\u0131hhi Tesisat, Buhar, K\u0131zg\u0131n Ya\u011f, K\u0131zg\u0131n Su","og_url":"https:\/\/ozlumuhendislik.com\/en\/filter-and-heat-recovery-systems-for-various-sectors\/","og_site_name":"\u00d6zl\u00fc M\u00fchendislik","article_publisher":"https:\/\/www.facebook.com\/ozlu.muhendislik","article_modified_time":"2025-03-17T09:06:40+00:00","og_image":[{"width":772,"height":782,"url":"https:\/\/ozlumuhendislik.com\/wp-content\/uploads\/2022\/08\/Ekran-Resmi-2022-08-29-10.04.37.jpg","type":"image\/jpeg"}],"twitter_card":"summary_large_image","twitter_misc":{"Est. reading time":"1 minute"},"schema":{"@context":"https:\/\/schema.org","@graph":[{"@type":"WebPage","@id":"https:\/\/ozlumuhendislik.com\/en\/filter-and-heat-recovery-systems-for-various-sectors\/","url":"https:\/\/ozlumuhendislik.com\/en\/filter-and-heat-recovery-systems-for-various-sectors\/","name":"FILTER AND HEAT RECOVERY SYSTEMS FOR VARIOUS SECTORS - \u00d6zl\u00fc M\u00fchendislik","isPartOf":{"@id":"https:\/\/ozlumuhendislik.com\/#website"},"primaryImageOfPage":{"@id":"https:\/\/ozlumuhendislik.com\/en\/filter-and-heat-recovery-systems-for-various-sectors\/#primaryimage"},"image":{"@id":"https:\/\/ozlumuhendislik.com\/en\/filter-and-heat-recovery-systems-for-various-sectors\/#primaryimage"},"thumbnailUrl":"https:\/\/ozlumuhendislik.com\/wp-content\/uploads\/2022\/08\/Ekran-Resmi-2022-08-29-10.04.37.jpg","datePublished":"2025-03-17T08:27:17+00:00","dateModified":"2025-03-17T09:06:40+00:00","description":"Elektrostatik Filtre Is\u0131tma, So\u011futma, Klima, Havaland\u0131rma, Do\u011falgaz, LNG, Bas\u0131n\u00e7l\u0131 Hava, S\u0131hhi Tesisat, Buhar, K\u0131zg\u0131n Ya\u011f, K\u0131zg\u0131n Su","breadcrumb":{"@id":"https:\/\/ozlumuhendislik.com\/en\/filter-and-heat-recovery-systems-for-various-sectors\/#breadcrumb"},"inLanguage":"en-US","potentialAction":[{"@type":"ReadAction","target":["https:\/\/ozlumuhendislik.com\/en\/filter-and-heat-recovery-systems-for-various-sectors\/"]}]},{"@type":"ImageObject","inLanguage":"en-US","@id":"https:\/\/ozlumuhendislik.com\/en\/filter-and-heat-recovery-systems-for-various-sectors\/#primaryimage","url":"https:\/\/ozlumuhendislik.com\/wp-content\/uploads\/2022\/08\/Ekran-Resmi-2022-08-29-10.04.37.jpg","contentUrl":"https:\/\/ozlumuhendislik.com\/wp-content\/uploads\/2022\/08\/Ekran-Resmi-2022-08-29-10.04.37.jpg","width":772,"height":782},{"@type":"BreadcrumbList","@id":"https:\/\/ozlumuhendislik.com\/en\/filter-and-heat-recovery-systems-for-various-sectors\/#breadcrumb","itemListElement":[{"@type":"ListItem","position":1,"name":"Home","item":"https:\/\/ozlumuhendislik.com\/en\/"},{"@type":"ListItem","position":2,"name":"FILTER AND HEAT RECOVERY SYSTEMS FOR VARIOUS SECTORS"}]},{"@type":"WebSite","@id":"https:\/\/ozlumuhendislik.com\/#website","url":"https:\/\/ozlumuhendislik.com\/","name":"\u00d6zl\u00fc M\u00fchendislik","description":"Enerji Tasarruf Sistemleri, Enerji Verimlili\u011fi ve Y\u00f6netimi","publisher":{"@id":"https:\/\/ozlumuhendislik.com\/#organization"},"potentialAction":[{"@type":"SearchAction","target":{"@type":"EntryPoint","urlTemplate":"https:\/\/ozlumuhendislik.com\/?s={search_term_string}"},"query-input":{"@type":"PropertyValueSpecification","valueRequired":true,"valueName":"search_term_string"}}],"inLanguage":"en-US"},{"@type":"Organization","@id":"https:\/\/ozlumuhendislik.com\/#organization","name":"\u00d6zl\u00fc M\u00fchendislik","alternateName":"\u00d6zl\u00fc M\u00fchendislik Proje Taahh\u00fct","url":"https:\/\/ozlumuhendislik.com\/","logo":{"@type":"ImageObject","inLanguage":"en-US","@id":"https:\/\/ozlumuhendislik.com\/#\/schema\/logo\/image\/","url":"https:\/\/ozlumuhendislik.com\/wp-content\/uploads\/2022\/08\/logo95.png","contentUrl":"https:\/\/ozlumuhendislik.com\/wp-content\/uploads\/2022\/08\/logo95.png","width":191,"height":95,"caption":"\u00d6zl\u00fc M\u00fchendislik"},"image":{"@id":"https:\/\/ozlumuhendislik.com\/#\/schema\/logo\/image\/"},"sameAs":["https:\/\/www.facebook.com\/ozlu.muhendislik","https:\/\/www.instagram.com\/ozlumuhendislik\/"]}]}},"_links":{"self":[{"href":"https:\/\/ozlumuhendislik.com\/en\/wp-json\/wp\/v2\/pages\/1533","targetHints":{"allow":["GET"]}}],"collection":[{"href":"https:\/\/ozlumuhendislik.com\/en\/wp-json\/wp\/v2\/pages"}],"about":[{"href":"https:\/\/ozlumuhendislik.com\/en\/wp-json\/wp\/v2\/types\/page"}],"author":[{"embeddable":true,"href":"https:\/\/ozlumuhendislik.com\/en\/wp-json\/wp\/v2\/users\/7"}],"replies":[{"embeddable":true,"href":"https:\/\/ozlumuhendislik.com\/en\/wp-json\/wp\/v2\/comments?post=1533"}],"version-history":[{"count":1,"href":"https:\/\/ozlumuhendislik.com\/en\/wp-json\/wp\/v2\/pages\/1533\/revisions"}],"predecessor-version":[{"id":1535,"href":"https:\/\/ozlumuhendislik.com\/en\/wp-json\/wp\/v2\/pages\/1533\/revisions\/1535"}],"wp:featuredmedia":[{"embeddable":true,"href":"https:\/\/ozlumuhendislik.com\/en\/wp-json\/wp\/v2\/media\/580"}],"wp:attachment":[{"href":"https:\/\/ozlumuhendislik.com\/en\/wp-json\/wp\/v2\/media?parent=1533"}],"curies":[{"name":"wp","href":"https:\/\/api.w.org\/{rel}","templated":true}]}}